{"id":2865,"date":"2021-01-22T16:22:14","date_gmt":"2021-01-22T16:22:14","guid":{"rendered":"https:\/\/anelto.eu\/?post_type=product&#038;p=2865"},"modified":"2021-02-09T15:31:39","modified_gmt":"2021-02-09T15:31:39","slug":"l-kujuga-90-terav-nurk-lauaplast","status":"publish","type":"product","link":"https:\/\/anelto.eu\/en\/toode\/l-kujuga-90-terav-nurk-lauaplast\/","title":{"rendered":"L-kujuga (90\u00b0 terav nurk) lauaplaat"},"content":{"rendered":"","protected":false},"excerpt":{"rendered":"<p>L-kujuga lauaplaat, 90\u00b0 terav nurk. Sobiv L-kujuga elektriliste laudade juurde.<\/p>\n<p>Materjali valik: Puitlaastplaat v\u00f5i MDF kattega melamiin v\u00f5i\u00a0 laminaat. Lisaks v\u00f5imalik ka t\u00e4ispuit plaat\/liimpuit.<br \/>\nV\u00e4rvivalik: Valge, tume p\u00e4hkel puit, paulownia puit ja teised tuntud melamiin\/laminaat katted.<\/p>\n<p>Standard m\u00f5\u00f5dud:<\/p>\n<ul>\n<li>1600x1100x600x25mm<\/li>\n<li>1800x1400x600x25mm<\/li>\n<\/ul>\n<p>Materjali paksus: Standard suurematel laudadel <strong>25mm<\/strong>, aga v\u00f5imalik ka 20mm, 22mm ja ka 28mm.<\/p>\n<p>K\u00fcsi infot juurde ja leiame sulle k\u00f5ige sobivama suurusega ja materjaliga lauaplaadi.<\/p>\n<p><img loading=\"lazy\" decoding=\"async\" class=\"size-full wp-image-4106 aligncenter\" src=\"https:\/\/anelto.eu\/wp-content\/uploads\/2021\/02\/weffy_logo-300x130-1.png\" alt=\"\" width=\"300\" height=\"130\" \/><\/p>\n<p>&nbsp;<\/p>\n","protected":false},"featured_media":2866,"comment_status":"closed","ping_status":"closed","template":"","meta":{"_acf_changed":false},"product_cat":[85],"product_tag":[],"class_list":{"0":"post-2865","1":"product","2":"type-product","3":"status-publish","4":"has-post-thumbnail","6":"product_cat-lauaplaadid","8":"first","9":"instock","10":"shipping-taxable","11":"product-type-simple"},"acf":[],"yoast_head":"<!-- This site is optimized with the Yoast SEO plugin v23.9 - https:\/\/yoast.com\/wordpress\/plugins\/seo\/ -->\n<title>L-kujuga (90\u00b0 terav nurk) lauaplaat - Anelto - t\u00f6\u00f6ruumi efektiivsus<\/title>\n<meta name=\"robots\" content=\"index, follow, max-snippet:-1, max-image-preview:large, max-video-preview:-1\" \/>\n<link rel=\"canonical\" href=\"https:\/\/anelto.eu\/toode\/l-kujuga-90-terav-nurk-lauaplast\/\" \/>\n<meta property=\"og:locale\" content=\"en_US\" \/>\n<meta property=\"og:type\" content=\"article\" \/>\n<meta property=\"og:title\" content=\"L-kujuga (90\u00b0 terav nurk) lauaplaat - Anelto - t\u00f6\u00f6ruumi efektiivsus\" \/>\n<meta property=\"og:description\" content=\"L-kujuga lauaplaat, 90\u00b0 terav nurk. Sobiv L-kujuga elektriliste laudade juurde.  Materjali valik: Puitlaastplaat v\u00f5i MDF kattega melamiin v\u00f5i\u00a0 laminaat. Lisaks v\u00f5imalik ka t\u00e4ispuit plaat\/liimpuit. V\u00e4rvivalik: Valge, tume p\u00e4hkel puit, paulownia puit ja teised tuntud melamiin\/laminaat katted.  Standard m\u00f5\u00f5dud:   1600x1100x600x25mm  1800x1400x600x25mm  Materjali paksus: Standard suurematel laudadel 25mm, aga v\u00f5imalik ka 20mm, 22mm ja ka 28mm.  K\u00fcsi infot juurde ja leiame sulle k\u00f5ige sobivama suurusega ja materjaliga lauaplaadi.    &nbsp;\" \/>\n<meta property=\"og:url\" content=\"https:\/\/anelto.eu\/toode\/l-kujuga-90-terav-nurk-lauaplast\/\" \/>\n<meta property=\"og:site_name\" content=\"Anelto - t\u00f6\u00f6ruumi efektiivsus\" \/>\n<meta property=\"article:modified_time\" content=\"2021-02-09T15:31:39+00:00\" \/>\n<meta property=\"og:image\" content=\"https:\/\/anelto.eu\/wp-content\/uploads\/2021\/01\/0c40100a-ac2a-4b55-bbf3-f214db0b2024_500_500.jpg\" \/>\n\t<meta property=\"og:image:width\" content=\"500\" \/>\n\t<meta property=\"og:image:height\" content=\"500\" \/>\n\t<meta property=\"og:image:type\" content=\"image\/jpeg\" \/>\n<meta name=\"twitter:card\" content=\"summary_large_image\" \/>\n<script type=\"application\/ld+json\" class=\"yoast-schema-graph\">{\"@context\":\"https:\/\/schema.org\",\"@graph\":[{\"@type\":\"WebPage\",\"@id\":\"https:\/\/anelto.eu\/toode\/l-kujuga-90-terav-nurk-lauaplast\/\",\"url\":\"https:\/\/anelto.eu\/toode\/l-kujuga-90-terav-nurk-lauaplast\/\",\"name\":\"L-kujuga (90\u00b0 terav nurk) lauaplaat - Anelto - t\u00f6\u00f6ruumi efektiivsus\",\"isPartOf\":{\"@id\":\"https:\/\/anelto.eu\/#website\"},\"primaryImageOfPage\":{\"@id\":\"https:\/\/anelto.eu\/toode\/l-kujuga-90-terav-nurk-lauaplast\/#primaryimage\"},\"image\":{\"@id\":\"https:\/\/anelto.eu\/toode\/l-kujuga-90-terav-nurk-lauaplast\/#primaryimage\"},\"thumbnailUrl\":\"https:\/\/anelto.eu\/wp-content\/uploads\/2021\/01\/0c40100a-ac2a-4b55-bbf3-f214db0b2024_500_500.jpg\",\"datePublished\":\"2021-01-22T16:22:14+00:00\",\"dateModified\":\"2021-02-09T15:31:39+00:00\",\"breadcrumb\":{\"@id\":\"https:\/\/anelto.eu\/toode\/l-kujuga-90-terav-nurk-lauaplast\/#breadcrumb\"},\"inLanguage\":\"en-US\",\"potentialAction\":[{\"@type\":\"ReadAction\",\"target\":[\"https:\/\/anelto.eu\/toode\/l-kujuga-90-terav-nurk-lauaplast\/\"]}]},{\"@type\":\"ImageObject\",\"inLanguage\":\"en-US\",\"@id\":\"https:\/\/anelto.eu\/toode\/l-kujuga-90-terav-nurk-lauaplast\/#primaryimage\",\"url\":\"https:\/\/anelto.eu\/wp-content\/uploads\/2021\/01\/0c40100a-ac2a-4b55-bbf3-f214db0b2024_500_500.jpg\",\"contentUrl\":\"https:\/\/anelto.eu\/wp-content\/uploads\/2021\/01\/0c40100a-ac2a-4b55-bbf3-f214db0b2024_500_500.jpg\",\"width\":500,\"height\":500},{\"@type\":\"BreadcrumbList\",\"@id\":\"https:\/\/anelto.eu\/toode\/l-kujuga-90-terav-nurk-lauaplast\/#breadcrumb\",\"itemListElement\":[{\"@type\":\"ListItem\",\"position\":1,\"name\":\"Avaleht\",\"item\":\"https:\/\/anelto.eu\/\"},{\"@type\":\"ListItem\",\"position\":2,\"name\":\"Valdkonnad\",\"item\":\"https:\/\/anelto.eu\/valdkonnad\/\"},{\"@type\":\"ListItem\",\"position\":3,\"name\":\"Lauaplaadid\",\"item\":\"https:\/\/anelto.eu\/tootekategooria\/lauaplaadid\/\"},{\"@type\":\"ListItem\",\"position\":4,\"name\":\"L-kujuga (90\u00b0 terav nurk) lauaplaat\"}]},{\"@type\":\"WebSite\",\"@id\":\"https:\/\/anelto.eu\/#website\",\"url\":\"https:\/\/anelto.eu\/\",\"name\":\"Anelto - t\u00f6\u00f6ruumi efektiivsus\",\"description\":\"Ergonoomiline t\u00f6\u00f6keskkond ja kinnituslahendused!\",\"publisher\":{\"@id\":\"https:\/\/anelto.eu\/#organization\"},\"potentialAction\":[{\"@type\":\"SearchAction\",\"target\":{\"@type\":\"EntryPoint\",\"urlTemplate\":\"https:\/\/anelto.eu\/?s={search_term_string}\"},\"query-input\":{\"@type\":\"PropertyValueSpecification\",\"valueRequired\":true,\"valueName\":\"search_term_string\"}}],\"inLanguage\":\"en-US\"},{\"@type\":\"Organization\",\"@id\":\"https:\/\/anelto.eu\/#organization\",\"name\":\"Anelto\",\"url\":\"https:\/\/anelto.eu\/\",\"logo\":{\"@type\":\"ImageObject\",\"inLanguage\":\"en-US\",\"@id\":\"https:\/\/anelto.eu\/#\/schema\/logo\/image\/\",\"url\":\"https:\/\/anelto.eu\/wp-content\/uploads\/2020\/06\/Picture1.png\",\"contentUrl\":\"https:\/\/anelto.eu\/wp-content\/uploads\/2020\/06\/Picture1.png\",\"width\":615,\"height\":331,\"caption\":\"Anelto\"},\"image\":{\"@id\":\"https:\/\/anelto.eu\/#\/schema\/logo\/image\/\"}}]}<\/script>\n<!-- \/ Yoast SEO plugin. -->","yoast_head_json":{"title":"L-kujuga (90\u00b0 terav nurk) lauaplaat - Anelto - t\u00f6\u00f6ruumi efektiivsus","robots":{"index":"index","follow":"follow","max-snippet":"max-snippet:-1","max-image-preview":"max-image-preview:large","max-video-preview":"max-video-preview:-1"},"canonical":"https:\/\/anelto.eu\/toode\/l-kujuga-90-terav-nurk-lauaplast\/","og_locale":"en_US","og_type":"article","og_title":"L-kujuga (90\u00b0 terav nurk) lauaplaat - Anelto - t\u00f6\u00f6ruumi efektiivsus","og_description":"L-kujuga lauaplaat, 90\u00b0 terav nurk. Sobiv L-kujuga elektriliste laudade juurde.  Materjali valik: Puitlaastplaat v\u00f5i MDF kattega melamiin v\u00f5i\u00a0 laminaat. Lisaks v\u00f5imalik ka t\u00e4ispuit plaat\/liimpuit. V\u00e4rvivalik: Valge, tume p\u00e4hkel puit, paulownia puit ja teised tuntud melamiin\/laminaat katted.  Standard m\u00f5\u00f5dud:   1600x1100x600x25mm  1800x1400x600x25mm  Materjali paksus: Standard suurematel laudadel 25mm, aga v\u00f5imalik ka 20mm, 22mm ja ka 28mm.  K\u00fcsi infot juurde ja leiame sulle k\u00f5ige sobivama suurusega ja materjaliga lauaplaadi.    &nbsp;","og_url":"https:\/\/anelto.eu\/toode\/l-kujuga-90-terav-nurk-lauaplast\/","og_site_name":"Anelto - t\u00f6\u00f6ruumi efektiivsus","article_modified_time":"2021-02-09T15:31:39+00:00","og_image":[{"width":500,"height":500,"url":"https:\/\/anelto.eu\/wp-content\/uploads\/2021\/01\/0c40100a-ac2a-4b55-bbf3-f214db0b2024_500_500.jpg","type":"image\/jpeg"}],"twitter_card":"summary_large_image","schema":{"@context":"https:\/\/schema.org","@graph":[{"@type":"WebPage","@id":"https:\/\/anelto.eu\/toode\/l-kujuga-90-terav-nurk-lauaplast\/","url":"https:\/\/anelto.eu\/toode\/l-kujuga-90-terav-nurk-lauaplast\/","name":"L-kujuga (90\u00b0 terav nurk) lauaplaat - Anelto - t\u00f6\u00f6ruumi efektiivsus","isPartOf":{"@id":"https:\/\/anelto.eu\/#website"},"primaryImageOfPage":{"@id":"https:\/\/anelto.eu\/toode\/l-kujuga-90-terav-nurk-lauaplast\/#primaryimage"},"image":{"@id":"https:\/\/anelto.eu\/toode\/l-kujuga-90-terav-nurk-lauaplast\/#primaryimage"},"thumbnailUrl":"https:\/\/anelto.eu\/wp-content\/uploads\/2021\/01\/0c40100a-ac2a-4b55-bbf3-f214db0b2024_500_500.jpg","datePublished":"2021-01-22T16:22:14+00:00","dateModified":"2021-02-09T15:31:39+00:00","breadcrumb":{"@id":"https:\/\/anelto.eu\/toode\/l-kujuga-90-terav-nurk-lauaplast\/#breadcrumb"},"inLanguage":"en-US","potentialAction":[{"@type":"ReadAction","target":["https:\/\/anelto.eu\/toode\/l-kujuga-90-terav-nurk-lauaplast\/"]}]},{"@type":"ImageObject","inLanguage":"en-US","@id":"https:\/\/anelto.eu\/toode\/l-kujuga-90-terav-nurk-lauaplast\/#primaryimage","url":"https:\/\/anelto.eu\/wp-content\/uploads\/2021\/01\/0c40100a-ac2a-4b55-bbf3-f214db0b2024_500_500.jpg","contentUrl":"https:\/\/anelto.eu\/wp-content\/uploads\/2021\/01\/0c40100a-ac2a-4b55-bbf3-f214db0b2024_500_500.jpg","width":500,"height":500},{"@type":"BreadcrumbList","@id":"https:\/\/anelto.eu\/toode\/l-kujuga-90-terav-nurk-lauaplast\/#breadcrumb","itemListElement":[{"@type":"ListItem","position":1,"name":"Avaleht","item":"https:\/\/anelto.eu\/"},{"@type":"ListItem","position":2,"name":"Valdkonnad","item":"https:\/\/anelto.eu\/valdkonnad\/"},{"@type":"ListItem","position":3,"name":"Lauaplaadid","item":"https:\/\/anelto.eu\/tootekategooria\/lauaplaadid\/"},{"@type":"ListItem","position":4,"name":"L-kujuga (90\u00b0 terav nurk) lauaplaat"}]},{"@type":"WebSite","@id":"https:\/\/anelto.eu\/#website","url":"https:\/\/anelto.eu\/","name":"Anelto - t\u00f6\u00f6ruumi efektiivsus","description":"Ergonoomiline t\u00f6\u00f6keskkond ja kinnituslahendused!","publisher":{"@id":"https:\/\/anelto.eu\/#organization"},"potentialAction":[{"@type":"SearchAction","target":{"@type":"EntryPoint","urlTemplate":"https:\/\/anelto.eu\/?s={search_term_string}"},"query-input":{"@type":"PropertyValueSpecification","valueRequired":true,"valueName":"search_term_string"}}],"inLanguage":"en-US"},{"@type":"Organization","@id":"https:\/\/anelto.eu\/#organization","name":"Anelto","url":"https:\/\/anelto.eu\/","logo":{"@type":"ImageObject","inLanguage":"en-US","@id":"https:\/\/anelto.eu\/#\/schema\/logo\/image\/","url":"https:\/\/anelto.eu\/wp-content\/uploads\/2020\/06\/Picture1.png","contentUrl":"https:\/\/anelto.eu\/wp-content\/uploads\/2020\/06\/Picture1.png","width":615,"height":331,"caption":"Anelto"},"image":{"@id":"https:\/\/anelto.eu\/#\/schema\/logo\/image\/"}}]}},"_links":{"self":[{"href":"https:\/\/anelto.eu\/en\/wp-json\/wp\/v2\/product\/2865","targetHints":{"allow":["GET"]}}],"collection":[{"href":"https:\/\/anelto.eu\/en\/wp-json\/wp\/v2\/product"}],"about":[{"href":"https:\/\/anelto.eu\/en\/wp-json\/wp\/v2\/types\/product"}],"replies":[{"embeddable":true,"href":"https:\/\/anelto.eu\/en\/wp-json\/wp\/v2\/comments?post=2865"}],"wp:featuredmedia":[{"embeddable":true,"href":"https:\/\/anelto.eu\/en\/wp-json\/wp\/v2\/media\/2866"}],"wp:attachment":[{"href":"https:\/\/anelto.eu\/en\/wp-json\/wp\/v2\/media?parent=2865"}],"wp:term":[{"taxonomy":"product_cat","embeddable":true,"href":"https:\/\/anelto.eu\/en\/wp-json\/wp\/v2\/product_cat?post=2865"},{"taxonomy":"product_tag","embeddable":true,"href":"https:\/\/anelto.eu\/en\/wp-json\/wp\/v2\/product_tag?post=2865"}],"curies":[{"name":"wp","href":"https:\/\/api.w.org\/{rel}","templated":true}]}}