{"id":2864,"date":"2021-01-22T15:25:40","date_gmt":"2021-01-22T15:25:40","guid":{"rendered":"https:\/\/anelto.eu\/?post_type=product&#038;p=2864"},"modified":"2021-11-08T08:33:21","modified_gmt":"2021-11-08T08:33:21","slug":"2-monitori-lauakinnitus-17-32","status":"publish","type":"product","link":"https:\/\/anelto.eu\/en\/toode\/2-monitori-lauakinnitus-17-32\/","title":{"rendered":"Kahe monitori lauakinnitus (17&#8243;-32&#8221;)"},"content":{"rendered":"","protected":false},"excerpt":{"rendered":"<p><strong>Sobiv toode, kui soovid \u00fchendada kaks monitori \u00fche kinnituse abil. Osta kohe meie e-poest\u00a0<a href=\"https:\/\/www.weffy.eu\/toode\/kahe-monitori-lauakinnitus\/\">SIIT.<\/a><\/strong><\/p>\n<p>\u25cf Kuuskant v\u00f5ti v\u00f5imaldab h\u00f5lpsat paigaldamist<br \/>\n\u25cf Gaasivedru tasakaalustab suurep\u00e4raselt monitori kaalu<br \/>\n\u25cf Kaablid paigaldatakse vastavate kinnitusetega<br \/>\n\u25cf Komplektis on kaks kinnitusv\u00f5imalust &#8211; nii klamber, kui ka lauda l\u00e4biv kinnitus<br \/>\n\u25cf Sobib ekraani suurus: 17 &#8220;- 32&#8221;, monitorid kaaluga 2-9 kg<\/p>\n<p><strong><span style=\"text-decoration: underline;\">Muud n\u00e4itajad:<\/span><\/strong><\/p>\n<ul>\n<li>VESA \u00fchilduvus 75&#215;75,100&#215;100<\/li>\n<li>Kallutusvahemik: + 70 \u00b0 ~ -45 \u00b0<\/li>\n<li>P\u00f6\u00f6rdevahemik: + 90 \u00b0 ~ -90 \u00b0<\/li>\n<li>Ekraani p\u00f6\u00f6ramine: + 180 \u00b0 ~ -180 \u00b0<\/li>\n<li>K\u00e4e t\u00e4ispikendus: 450mm<\/li>\n<\/ul>\n<p style=\"text-align: center;\"><img loading=\"lazy\" decoding=\"async\" class=\"alignnone size-medium wp-image-2558\" src=\"https:\/\/anelto.eu\/wp-content\/uploads\/2020\/12\/weffy_logo-300x130.png\" alt=\"\" width=\"300\" height=\"130\" \/><\/p>\n","protected":false},"featured_media":2876,"comment_status":"closed","ping_status":"closed","template":"","meta":{"_acf_changed":false},"product_cat":[83],"product_tag":[],"class_list":{"0":"post-2864","1":"product","2":"type-product","3":"status-publish","4":"has-post-thumbnail","6":"product_cat-monitoride-kinnituskaed","8":"first","9":"instock","10":"shipping-taxable","11":"product-type-simple"},"acf":[],"yoast_head":"<!-- This site is optimized with the Yoast SEO plugin v23.9 - https:\/\/yoast.com\/wordpress\/plugins\/seo\/ -->\n<title>Kahe monitori lauakinnitus (17&quot;-32&#039;&#039;) - Anelto - t\u00f6\u00f6ruumi efektiivsus<\/title>\n<meta name=\"robots\" content=\"index, follow, max-snippet:-1, max-image-preview:large, max-video-preview:-1\" \/>\n<link rel=\"canonical\" href=\"https:\/\/anelto.eu\/toode\/2-monitori-lauakinnitus-17-32\/\" \/>\n<meta property=\"og:locale\" content=\"en_US\" \/>\n<meta property=\"og:type\" content=\"article\" \/>\n<meta property=\"og:title\" content=\"Kahe monitori lauakinnitus (17&quot;-32&#039;&#039;) - Anelto - t\u00f6\u00f6ruumi efektiivsus\" \/>\n<meta property=\"og:description\" content=\"Sobiv toode, kui soovid \u00fchendada kaks monitori \u00fche kinnituse abil. Osta kohe meie e-poest\u00a0SIIT.  \u25cf Kuuskant v\u00f5ti v\u00f5imaldab h\u00f5lpsat paigaldamist \u25cf Gaasivedru tasakaalustab suurep\u00e4raselt monitori kaalu \u25cf Kaablid paigaldatakse vastavate kinnitusetega \u25cf Komplektis on kaks kinnitusv\u00f5imalust - nii klamber, kui ka lauda l\u00e4biv kinnitus \u25cf Sobib ekraani suurus: 17 &quot;- 32&quot;, monitorid kaaluga 2-9 kg  Muud n\u00e4itajad:   VESA \u00fchilduvus 75x75,100x100  Kallutusvahemik: + 70 \u00b0 ~ -45 \u00b0  P\u00f6\u00f6rdevahemik: + 90 \u00b0 ~ -90 \u00b0  Ekraani p\u00f6\u00f6ramine: + 180 \u00b0 ~ -180 \u00b0  K\u00e4e t\u00e4ispikendus: 450mm\" \/>\n<meta property=\"og:url\" content=\"https:\/\/anelto.eu\/toode\/2-monitori-lauakinnitus-17-32\/\" \/>\n<meta property=\"og:site_name\" content=\"Anelto - t\u00f6\u00f6ruumi efektiivsus\" \/>\n<meta property=\"article:modified_time\" content=\"2021-11-08T08:33:21+00:00\" \/>\n<meta property=\"og:image\" content=\"https:\/\/anelto.eu\/wp-content\/uploads\/2021\/01\/108f2026-3f6a-4327-b25d-8187a998a2bb_500_500.jpg\" \/>\n\t<meta property=\"og:image:width\" content=\"500\" \/>\n\t<meta property=\"og:image:height\" content=\"500\" \/>\n\t<meta property=\"og:image:type\" content=\"image\/jpeg\" \/>\n<meta name=\"twitter:card\" content=\"summary_large_image\" \/>\n<script type=\"application\/ld+json\" class=\"yoast-schema-graph\">{\"@context\":\"https:\/\/schema.org\",\"@graph\":[{\"@type\":\"WebPage\",\"@id\":\"https:\/\/anelto.eu\/toode\/2-monitori-lauakinnitus-17-32\/\",\"url\":\"https:\/\/anelto.eu\/toode\/2-monitori-lauakinnitus-17-32\/\",\"name\":\"Kahe monitori lauakinnitus (17\\\"-32'') - Anelto - t\u00f6\u00f6ruumi efektiivsus\",\"isPartOf\":{\"@id\":\"https:\/\/anelto.eu\/#website\"},\"primaryImageOfPage\":{\"@id\":\"https:\/\/anelto.eu\/toode\/2-monitori-lauakinnitus-17-32\/#primaryimage\"},\"image\":{\"@id\":\"https:\/\/anelto.eu\/toode\/2-monitori-lauakinnitus-17-32\/#primaryimage\"},\"thumbnailUrl\":\"https:\/\/anelto.eu\/wp-content\/uploads\/2021\/01\/108f2026-3f6a-4327-b25d-8187a998a2bb_500_500.jpg\",\"datePublished\":\"2021-01-22T15:25:40+00:00\",\"dateModified\":\"2021-11-08T08:33:21+00:00\",\"breadcrumb\":{\"@id\":\"https:\/\/anelto.eu\/toode\/2-monitori-lauakinnitus-17-32\/#breadcrumb\"},\"inLanguage\":\"en-US\",\"potentialAction\":[{\"@type\":\"ReadAction\",\"target\":[\"https:\/\/anelto.eu\/toode\/2-monitori-lauakinnitus-17-32\/\"]}]},{\"@type\":\"ImageObject\",\"inLanguage\":\"en-US\",\"@id\":\"https:\/\/anelto.eu\/toode\/2-monitori-lauakinnitus-17-32\/#primaryimage\",\"url\":\"https:\/\/anelto.eu\/wp-content\/uploads\/2021\/01\/108f2026-3f6a-4327-b25d-8187a998a2bb_500_500.jpg\",\"contentUrl\":\"https:\/\/anelto.eu\/wp-content\/uploads\/2021\/01\/108f2026-3f6a-4327-b25d-8187a998a2bb_500_500.jpg\",\"width\":500,\"height\":500},{\"@type\":\"BreadcrumbList\",\"@id\":\"https:\/\/anelto.eu\/toode\/2-monitori-lauakinnitus-17-32\/#breadcrumb\",\"itemListElement\":[{\"@type\":\"ListItem\",\"position\":1,\"name\":\"Avaleht\",\"item\":\"https:\/\/anelto.eu\/\"},{\"@type\":\"ListItem\",\"position\":2,\"name\":\"Valdkonnad\",\"item\":\"https:\/\/anelto.eu\/valdkonnad\/\"},{\"@type\":\"ListItem\",\"position\":3,\"name\":\"Monitoride kinnitusk\u00e4ed\",\"item\":\"https:\/\/anelto.eu\/tootekategooria\/monitoride-kinnituskaed\/\"},{\"@type\":\"ListItem\",\"position\":4,\"name\":\"Kahe monitori lauakinnitus (17&#8243;-32&#8221;)\"}]},{\"@type\":\"WebSite\",\"@id\":\"https:\/\/anelto.eu\/#website\",\"url\":\"https:\/\/anelto.eu\/\",\"name\":\"Anelto - t\u00f6\u00f6ruumi efektiivsus\",\"description\":\"Ergonoomiline t\u00f6\u00f6keskkond ja kinnituslahendused!\",\"publisher\":{\"@id\":\"https:\/\/anelto.eu\/#organization\"},\"potentialAction\":[{\"@type\":\"SearchAction\",\"target\":{\"@type\":\"EntryPoint\",\"urlTemplate\":\"https:\/\/anelto.eu\/?s={search_term_string}\"},\"query-input\":{\"@type\":\"PropertyValueSpecification\",\"valueRequired\":true,\"valueName\":\"search_term_string\"}}],\"inLanguage\":\"en-US\"},{\"@type\":\"Organization\",\"@id\":\"https:\/\/anelto.eu\/#organization\",\"name\":\"Anelto\",\"url\":\"https:\/\/anelto.eu\/\",\"logo\":{\"@type\":\"ImageObject\",\"inLanguage\":\"en-US\",\"@id\":\"https:\/\/anelto.eu\/#\/schema\/logo\/image\/\",\"url\":\"https:\/\/anelto.eu\/wp-content\/uploads\/2020\/06\/Picture1.png\",\"contentUrl\":\"https:\/\/anelto.eu\/wp-content\/uploads\/2020\/06\/Picture1.png\",\"width\":615,\"height\":331,\"caption\":\"Anelto\"},\"image\":{\"@id\":\"https:\/\/anelto.eu\/#\/schema\/logo\/image\/\"}}]}<\/script>\n<!-- \/ Yoast SEO plugin. -->","yoast_head_json":{"title":"Kahe monitori lauakinnitus (17\"-32'') - Anelto - t\u00f6\u00f6ruumi efektiivsus","robots":{"index":"index","follow":"follow","max-snippet":"max-snippet:-1","max-image-preview":"max-image-preview:large","max-video-preview":"max-video-preview:-1"},"canonical":"https:\/\/anelto.eu\/toode\/2-monitori-lauakinnitus-17-32\/","og_locale":"en_US","og_type":"article","og_title":"Kahe monitori lauakinnitus (17\"-32'') - Anelto - t\u00f6\u00f6ruumi efektiivsus","og_description":"Sobiv toode, kui soovid \u00fchendada kaks monitori \u00fche kinnituse abil. Osta kohe meie e-poest\u00a0SIIT.  \u25cf Kuuskant v\u00f5ti v\u00f5imaldab h\u00f5lpsat paigaldamist \u25cf Gaasivedru tasakaalustab suurep\u00e4raselt monitori kaalu \u25cf Kaablid paigaldatakse vastavate kinnitusetega \u25cf Komplektis on kaks kinnitusv\u00f5imalust - nii klamber, kui ka lauda l\u00e4biv kinnitus \u25cf Sobib ekraani suurus: 17 \"- 32\", monitorid kaaluga 2-9 kg  Muud n\u00e4itajad:   VESA \u00fchilduvus 75x75,100x100  Kallutusvahemik: + 70 \u00b0 ~ -45 \u00b0  P\u00f6\u00f6rdevahemik: + 90 \u00b0 ~ -90 \u00b0  Ekraani p\u00f6\u00f6ramine: + 180 \u00b0 ~ -180 \u00b0  K\u00e4e t\u00e4ispikendus: 450mm","og_url":"https:\/\/anelto.eu\/toode\/2-monitori-lauakinnitus-17-32\/","og_site_name":"Anelto - t\u00f6\u00f6ruumi efektiivsus","article_modified_time":"2021-11-08T08:33:21+00:00","og_image":[{"width":500,"height":500,"url":"https:\/\/anelto.eu\/wp-content\/uploads\/2021\/01\/108f2026-3f6a-4327-b25d-8187a998a2bb_500_500.jpg","type":"image\/jpeg"}],"twitter_card":"summary_large_image","schema":{"@context":"https:\/\/schema.org","@graph":[{"@type":"WebPage","@id":"https:\/\/anelto.eu\/toode\/2-monitori-lauakinnitus-17-32\/","url":"https:\/\/anelto.eu\/toode\/2-monitori-lauakinnitus-17-32\/","name":"Kahe monitori lauakinnitus (17\"-32'') - Anelto - t\u00f6\u00f6ruumi efektiivsus","isPartOf":{"@id":"https:\/\/anelto.eu\/#website"},"primaryImageOfPage":{"@id":"https:\/\/anelto.eu\/toode\/2-monitori-lauakinnitus-17-32\/#primaryimage"},"image":{"@id":"https:\/\/anelto.eu\/toode\/2-monitori-lauakinnitus-17-32\/#primaryimage"},"thumbnailUrl":"https:\/\/anelto.eu\/wp-content\/uploads\/2021\/01\/108f2026-3f6a-4327-b25d-8187a998a2bb_500_500.jpg","datePublished":"2021-01-22T15:25:40+00:00","dateModified":"2021-11-08T08:33:21+00:00","breadcrumb":{"@id":"https:\/\/anelto.eu\/toode\/2-monitori-lauakinnitus-17-32\/#breadcrumb"},"inLanguage":"en-US","potentialAction":[{"@type":"ReadAction","target":["https:\/\/anelto.eu\/toode\/2-monitori-lauakinnitus-17-32\/"]}]},{"@type":"ImageObject","inLanguage":"en-US","@id":"https:\/\/anelto.eu\/toode\/2-monitori-lauakinnitus-17-32\/#primaryimage","url":"https:\/\/anelto.eu\/wp-content\/uploads\/2021\/01\/108f2026-3f6a-4327-b25d-8187a998a2bb_500_500.jpg","contentUrl":"https:\/\/anelto.eu\/wp-content\/uploads\/2021\/01\/108f2026-3f6a-4327-b25d-8187a998a2bb_500_500.jpg","width":500,"height":500},{"@type":"BreadcrumbList","@id":"https:\/\/anelto.eu\/toode\/2-monitori-lauakinnitus-17-32\/#breadcrumb","itemListElement":[{"@type":"ListItem","position":1,"name":"Avaleht","item":"https:\/\/anelto.eu\/"},{"@type":"ListItem","position":2,"name":"Valdkonnad","item":"https:\/\/anelto.eu\/valdkonnad\/"},{"@type":"ListItem","position":3,"name":"Monitoride kinnitusk\u00e4ed","item":"https:\/\/anelto.eu\/tootekategooria\/monitoride-kinnituskaed\/"},{"@type":"ListItem","position":4,"name":"Kahe monitori lauakinnitus (17&#8243;-32&#8221;)"}]},{"@type":"WebSite","@id":"https:\/\/anelto.eu\/#website","url":"https:\/\/anelto.eu\/","name":"Anelto - t\u00f6\u00f6ruumi efektiivsus","description":"Ergonoomiline t\u00f6\u00f6keskkond ja kinnituslahendused!","publisher":{"@id":"https:\/\/anelto.eu\/#organization"},"potentialAction":[{"@type":"SearchAction","target":{"@type":"EntryPoint","urlTemplate":"https:\/\/anelto.eu\/?s={search_term_string}"},"query-input":{"@type":"PropertyValueSpecification","valueRequired":true,"valueName":"search_term_string"}}],"inLanguage":"en-US"},{"@type":"Organization","@id":"https:\/\/anelto.eu\/#organization","name":"Anelto","url":"https:\/\/anelto.eu\/","logo":{"@type":"ImageObject","inLanguage":"en-US","@id":"https:\/\/anelto.eu\/#\/schema\/logo\/image\/","url":"https:\/\/anelto.eu\/wp-content\/uploads\/2020\/06\/Picture1.png","contentUrl":"https:\/\/anelto.eu\/wp-content\/uploads\/2020\/06\/Picture1.png","width":615,"height":331,"caption":"Anelto"},"image":{"@id":"https:\/\/anelto.eu\/#\/schema\/logo\/image\/"}}]}},"_links":{"self":[{"href":"https:\/\/anelto.eu\/en\/wp-json\/wp\/v2\/product\/2864","targetHints":{"allow":["GET"]}}],"collection":[{"href":"https:\/\/anelto.eu\/en\/wp-json\/wp\/v2\/product"}],"about":[{"href":"https:\/\/anelto.eu\/en\/wp-json\/wp\/v2\/types\/product"}],"replies":[{"embeddable":true,"href":"https:\/\/anelto.eu\/en\/wp-json\/wp\/v2\/comments?post=2864"}],"wp:featuredmedia":[{"embeddable":true,"href":"https:\/\/anelto.eu\/en\/wp-json\/wp\/v2\/media\/2876"}],"wp:attachment":[{"href":"https:\/\/anelto.eu\/en\/wp-json\/wp\/v2\/media?parent=2864"}],"wp:term":[{"taxonomy":"product_cat","embeddable":true,"href":"https:\/\/anelto.eu\/en\/wp-json\/wp\/v2\/product_cat?post=2864"},{"taxonomy":"product_tag","embeddable":true,"href":"https:\/\/anelto.eu\/en\/wp-json\/wp\/v2\/product_tag?post=2864"}],"curies":[{"name":"wp","href":"https:\/\/api.w.org\/{rel}","templated":true}]}}