{"id":2818,"date":"2021-01-22T10:29:26","date_gmt":"2021-01-22T10:29:26","guid":{"rendered":"https:\/\/anelto.eu\/?post_type=product&#038;p=2818"},"modified":"2021-04-16T09:21:11","modified_gmt":"2021-04-16T09:21:11","slug":"taskukohane-uhe-mootoriga-elektriliselt-reguleeritava-korgusega-laud-koos-lauaplaadiga","status":"publish","type":"product","link":"https:\/\/anelto.eu\/en\/toode\/taskukohane-uhe-mootoriga-elektriliselt-reguleeritava-korgusega-laud-koos-lauaplaadiga\/","title":{"rendered":"\u00dche mootoriga elektriliselt reguleeritava k\u00f5rgusega t\u00f6\u00f6laud (1400&#215;600)"},"content":{"rendered":"","protected":false},"excerpt":{"rendered":"<p><strong>1400&#215;600 m\u00f5\u00f5tudega, lihtne ja taskukohane, \u00fche mootoriga elektriliselt reguleerutava k\u00f5rgusega laud <span style=\"text-decoration: underline;\">koos lauaplaadiga<\/span>. <\/strong><\/p>\n<ul>\n<li>Tugevdatud p\u00f5iktala t\u00f6\u00f6kindluse suurendamiseks<\/li>\n<li>Niiskusele vastupidav lauaplaat on tugevdatud, et v\u00e4hendada v\u00f5imalikke kriimude teket (TSCA VI standardile vastav)<\/li>\n<li>Jalgade tasandamise mehhanism Kokkupaneku aega v\u00e4hendab raamide spetsiaalne disain<\/li>\n<li>Nuppudega k\u00f5rguse juhtimise kontroller koos meeldetuletusega asendi muutmise kohta materjalid liikumisteel<\/li>\n<li>Kaheasmelised jalad k\u00f5rguste muutmiseks<\/li>\n<\/ul>\n<p><span style=\"text-decoration: underline;\">Muud n\u00e4itajad:<\/span><\/p>\n<ul>\n<li>M\u00f5\u00f5tmed: 1400x600x730-1180mmm<br \/>\nRaamide kuju: nelinurk<br \/>\nLauaplaadi m\u00f5\u00f5dud: 1400x600x18mm<br \/>\nKandej\u00f5ud: 50kg<br \/>\nK\u00f5rgusvahemik: 730~1180mm<br \/>\nKandejalgade asmeid: kaks<br \/>\nKandejalgade astmete m\u00f5\u00f5tmed: 50&#215;50,45x45mm<br \/>\nKandejalgade arv: 2<br \/>\nRaami v\u00e4rvivalik: must, valge<br \/>\nToide: 100~240V<br \/>\nToitekaabli pikkus: 3m<br \/>\nMaksimaalne kiirus: 38mm\/s<br \/>\nKontrolleri t\u00fc\u00fcp: Nuppudega<br \/>\nAktiivsuse\/asendimuutuse meeldetuletus: Jah<br \/>\nLapselukk: Jah<br \/>\nSoovitatav kasutustemperatuur: -5\u2103~40\u2103<br \/>\nIP kindlus: IP20<br \/>\nSertifikaadid: AS\/NZS Report for National Differences,CE,FCC,RoHS<\/li>\n<\/ul>\n<p><img loading=\"lazy\" decoding=\"async\" class=\"size-full wp-image-4106 aligncenter\" src=\"https:\/\/anelto.eu\/wp-content\/uploads\/2021\/02\/weffy_logo-300x130-1.png\" alt=\"\" width=\"300\" height=\"130\" \/><\/p>\n","protected":false},"featured_media":2819,"comment_status":"closed","ping_status":"closed","template":"","meta":{"_acf_changed":false},"product_cat":[63],"product_tag":[],"class_list":{"0":"post-2818","1":"product","2":"type-product","3":"status-publish","4":"has-post-thumbnail","6":"product_cat-istumis-seismislauad","8":"first","9":"instock","10":"shipping-taxable","11":"product-type-simple"},"acf":[],"yoast_head":"<!-- This site is optimized with the Yoast SEO plugin v23.9 - https:\/\/yoast.com\/wordpress\/plugins\/seo\/ -->\n<title>\u00dche mootoriga elektriliselt reguleeritava k\u00f5rgusega t\u00f6\u00f6laud (1400x600) - Anelto - t\u00f6\u00f6ruumi efektiivsus<\/title>\n<meta name=\"robots\" content=\"index, follow, max-snippet:-1, max-image-preview:large, max-video-preview:-1\" \/>\n<link rel=\"canonical\" href=\"https:\/\/anelto.eu\/toode\/taskukohane-uhe-mootoriga-elektriliselt-reguleeritava-korgusega-laud-koos-lauaplaadiga\/\" \/>\n<meta property=\"og:locale\" content=\"en_US\" \/>\n<meta property=\"og:type\" content=\"article\" \/>\n<meta property=\"og:title\" content=\"\u00dche mootoriga elektriliselt reguleeritava k\u00f5rgusega t\u00f6\u00f6laud (1400x600) - Anelto - t\u00f6\u00f6ruumi efektiivsus\" \/>\n<meta property=\"og:description\" content=\"1400x600 m\u00f5\u00f5tudega, lihtne ja taskukohane, \u00fche mootoriga elektriliselt reguleerutava k\u00f5rgusega laud koos lauaplaadiga.    Tugevdatud p\u00f5iktala t\u00f6\u00f6kindluse suurendamiseks  Niiskusele vastupidav lauaplaat on tugevdatud, et v\u00e4hendada v\u00f5imalikke kriimude teket (TSCA VI standardile vastav)  Jalgade tasandamise mehhanism Kokkupaneku aega v\u00e4hendab raamide spetsiaalne disain  Nuppudega k\u00f5rguse juhtimise kontroller koos meeldetuletusega asendi muutmise kohta materjalid liikumisteel  Kaheasmelised jalad k\u00f5rguste muutmiseks  Muud n\u00e4itajad:   M\u00f5\u00f5tmed: 1400x600x730-1180mmm Raamide kuju: nelinurk Lauaplaadi m\u00f5\u00f5dud: 1400x600x18mm Kandej\u00f5ud: 50kg K\u00f5rgusvahemik: 730~1180mm Kandejalgade asmeid: kaks Kandejalgade astmete m\u00f5\u00f5tmed: 50x50,45x45mm Kandejalgade arv: 2 Raami v\u00e4rvivalik: must, valge Toide: 100~240V Toitekaabli pikkus: 3m Maksimaalne kiirus: 38mm\/s Kontrolleri t\u00fc\u00fcp: Nuppudega Aktiivsuse\/asendimuutuse meeldetuletus: Jah Lapselukk: Jah Soovitatav kasutustemperatuur: -5\u2103~40\u2103 IP kindlus: IP20 Sertifikaadid: AS\/NZS Report for National Differences,CE,FCC,RoHS\" \/>\n<meta property=\"og:url\" content=\"https:\/\/anelto.eu\/toode\/taskukohane-uhe-mootoriga-elektriliselt-reguleeritava-korgusega-laud-koos-lauaplaadiga\/\" \/>\n<meta property=\"og:site_name\" content=\"Anelto - t\u00f6\u00f6ruumi efektiivsus\" \/>\n<meta property=\"article:modified_time\" content=\"2021-04-16T09:21:11+00:00\" \/>\n<meta property=\"og:image\" content=\"https:\/\/anelto.eu\/wp-content\/uploads\/2021\/01\/23a2a67f-db6d-4237-b04d-570199b1bb17_500_500.jpg\" \/>\n\t<meta property=\"og:image:width\" content=\"500\" \/>\n\t<meta property=\"og:image:height\" content=\"500\" \/>\n\t<meta property=\"og:image:type\" content=\"image\/jpeg\" \/>\n<meta name=\"twitter:card\" content=\"summary_large_image\" \/>\n<script type=\"application\/ld+json\" class=\"yoast-schema-graph\">{\"@context\":\"https:\/\/schema.org\",\"@graph\":[{\"@type\":\"WebPage\",\"@id\":\"https:\/\/anelto.eu\/toode\/taskukohane-uhe-mootoriga-elektriliselt-reguleeritava-korgusega-laud-koos-lauaplaadiga\/\",\"url\":\"https:\/\/anelto.eu\/toode\/taskukohane-uhe-mootoriga-elektriliselt-reguleeritava-korgusega-laud-koos-lauaplaadiga\/\",\"name\":\"\u00dche mootoriga elektriliselt reguleeritava k\u00f5rgusega t\u00f6\u00f6laud (1400x600) - Anelto - t\u00f6\u00f6ruumi efektiivsus\",\"isPartOf\":{\"@id\":\"https:\/\/anelto.eu\/#website\"},\"primaryImageOfPage\":{\"@id\":\"https:\/\/anelto.eu\/toode\/taskukohane-uhe-mootoriga-elektriliselt-reguleeritava-korgusega-laud-koos-lauaplaadiga\/#primaryimage\"},\"image\":{\"@id\":\"https:\/\/anelto.eu\/toode\/taskukohane-uhe-mootoriga-elektriliselt-reguleeritava-korgusega-laud-koos-lauaplaadiga\/#primaryimage\"},\"thumbnailUrl\":\"https:\/\/anelto.eu\/wp-content\/uploads\/2021\/01\/23a2a67f-db6d-4237-b04d-570199b1bb17_500_500.jpg\",\"datePublished\":\"2021-01-22T10:29:26+00:00\",\"dateModified\":\"2021-04-16T09:21:11+00:00\",\"breadcrumb\":{\"@id\":\"https:\/\/anelto.eu\/toode\/taskukohane-uhe-mootoriga-elektriliselt-reguleeritava-korgusega-laud-koos-lauaplaadiga\/#breadcrumb\"},\"inLanguage\":\"en-US\",\"potentialAction\":[{\"@type\":\"ReadAction\",\"target\":[\"https:\/\/anelto.eu\/toode\/taskukohane-uhe-mootoriga-elektriliselt-reguleeritava-korgusega-laud-koos-lauaplaadiga\/\"]}]},{\"@type\":\"ImageObject\",\"inLanguage\":\"en-US\",\"@id\":\"https:\/\/anelto.eu\/toode\/taskukohane-uhe-mootoriga-elektriliselt-reguleeritava-korgusega-laud-koos-lauaplaadiga\/#primaryimage\",\"url\":\"https:\/\/anelto.eu\/wp-content\/uploads\/2021\/01\/23a2a67f-db6d-4237-b04d-570199b1bb17_500_500.jpg\",\"contentUrl\":\"https:\/\/anelto.eu\/wp-content\/uploads\/2021\/01\/23a2a67f-db6d-4237-b04d-570199b1bb17_500_500.jpg\",\"width\":500,\"height\":500},{\"@type\":\"BreadcrumbList\",\"@id\":\"https:\/\/anelto.eu\/toode\/taskukohane-uhe-mootoriga-elektriliselt-reguleeritava-korgusega-laud-koos-lauaplaadiga\/#breadcrumb\",\"itemListElement\":[{\"@type\":\"ListItem\",\"position\":1,\"name\":\"Avaleht\",\"item\":\"https:\/\/anelto.eu\/\"},{\"@type\":\"ListItem\",\"position\":2,\"name\":\"Valdkonnad\",\"item\":\"https:\/\/anelto.eu\/valdkonnad\/\"},{\"@type\":\"ListItem\",\"position\":3,\"name\":\"Istumis- ja seismislauad\",\"item\":\"https:\/\/anelto.eu\/tootekategooria\/istumis-seismislauad\/\"},{\"@type\":\"ListItem\",\"position\":4,\"name\":\"\u00dche mootoriga elektriliselt reguleeritava k\u00f5rgusega t\u00f6\u00f6laud (1400&#215;600)\"}]},{\"@type\":\"WebSite\",\"@id\":\"https:\/\/anelto.eu\/#website\",\"url\":\"https:\/\/anelto.eu\/\",\"name\":\"Anelto - t\u00f6\u00f6ruumi efektiivsus\",\"description\":\"Ergonoomiline t\u00f6\u00f6keskkond ja kinnituslahendused!\",\"publisher\":{\"@id\":\"https:\/\/anelto.eu\/#organization\"},\"potentialAction\":[{\"@type\":\"SearchAction\",\"target\":{\"@type\":\"EntryPoint\",\"urlTemplate\":\"https:\/\/anelto.eu\/?s={search_term_string}\"},\"query-input\":{\"@type\":\"PropertyValueSpecification\",\"valueRequired\":true,\"valueName\":\"search_term_string\"}}],\"inLanguage\":\"en-US\"},{\"@type\":\"Organization\",\"@id\":\"https:\/\/anelto.eu\/#organization\",\"name\":\"Anelto\",\"url\":\"https:\/\/anelto.eu\/\",\"logo\":{\"@type\":\"ImageObject\",\"inLanguage\":\"en-US\",\"@id\":\"https:\/\/anelto.eu\/#\/schema\/logo\/image\/\",\"url\":\"https:\/\/anelto.eu\/wp-content\/uploads\/2020\/06\/Picture1.png\",\"contentUrl\":\"https:\/\/anelto.eu\/wp-content\/uploads\/2020\/06\/Picture1.png\",\"width\":615,\"height\":331,\"caption\":\"Anelto\"},\"image\":{\"@id\":\"https:\/\/anelto.eu\/#\/schema\/logo\/image\/\"}}]}<\/script>\n<!-- \/ Yoast SEO plugin. -->","yoast_head_json":{"title":"\u00dche mootoriga elektriliselt reguleeritava k\u00f5rgusega t\u00f6\u00f6laud (1400x600) - Anelto - t\u00f6\u00f6ruumi efektiivsus","robots":{"index":"index","follow":"follow","max-snippet":"max-snippet:-1","max-image-preview":"max-image-preview:large","max-video-preview":"max-video-preview:-1"},"canonical":"https:\/\/anelto.eu\/toode\/taskukohane-uhe-mootoriga-elektriliselt-reguleeritava-korgusega-laud-koos-lauaplaadiga\/","og_locale":"en_US","og_type":"article","og_title":"\u00dche mootoriga elektriliselt reguleeritava k\u00f5rgusega t\u00f6\u00f6laud (1400x600) - Anelto - t\u00f6\u00f6ruumi efektiivsus","og_description":"1400x600 m\u00f5\u00f5tudega, lihtne ja taskukohane, \u00fche mootoriga elektriliselt reguleerutava k\u00f5rgusega laud koos lauaplaadiga.    Tugevdatud p\u00f5iktala t\u00f6\u00f6kindluse suurendamiseks  Niiskusele vastupidav lauaplaat on tugevdatud, et v\u00e4hendada v\u00f5imalikke kriimude teket (TSCA VI standardile vastav)  Jalgade tasandamise mehhanism Kokkupaneku aega v\u00e4hendab raamide spetsiaalne disain  Nuppudega k\u00f5rguse juhtimise kontroller koos meeldetuletusega asendi muutmise kohta materjalid liikumisteel  Kaheasmelised jalad k\u00f5rguste muutmiseks  Muud n\u00e4itajad:   M\u00f5\u00f5tmed: 1400x600x730-1180mmm Raamide kuju: nelinurk Lauaplaadi m\u00f5\u00f5dud: 1400x600x18mm Kandej\u00f5ud: 50kg K\u00f5rgusvahemik: 730~1180mm Kandejalgade asmeid: kaks Kandejalgade astmete m\u00f5\u00f5tmed: 50x50,45x45mm Kandejalgade arv: 2 Raami v\u00e4rvivalik: must, valge Toide: 100~240V Toitekaabli pikkus: 3m Maksimaalne kiirus: 38mm\/s Kontrolleri t\u00fc\u00fcp: Nuppudega Aktiivsuse\/asendimuutuse meeldetuletus: Jah Lapselukk: Jah Soovitatav kasutustemperatuur: -5\u2103~40\u2103 IP kindlus: IP20 Sertifikaadid: AS\/NZS Report for National Differences,CE,FCC,RoHS","og_url":"https:\/\/anelto.eu\/toode\/taskukohane-uhe-mootoriga-elektriliselt-reguleeritava-korgusega-laud-koos-lauaplaadiga\/","og_site_name":"Anelto - t\u00f6\u00f6ruumi efektiivsus","article_modified_time":"2021-04-16T09:21:11+00:00","og_image":[{"width":500,"height":500,"url":"https:\/\/anelto.eu\/wp-content\/uploads\/2021\/01\/23a2a67f-db6d-4237-b04d-570199b1bb17_500_500.jpg","type":"image\/jpeg"}],"twitter_card":"summary_large_image","schema":{"@context":"https:\/\/schema.org","@graph":[{"@type":"WebPage","@id":"https:\/\/anelto.eu\/toode\/taskukohane-uhe-mootoriga-elektriliselt-reguleeritava-korgusega-laud-koos-lauaplaadiga\/","url":"https:\/\/anelto.eu\/toode\/taskukohane-uhe-mootoriga-elektriliselt-reguleeritava-korgusega-laud-koos-lauaplaadiga\/","name":"\u00dche mootoriga elektriliselt reguleeritava k\u00f5rgusega t\u00f6\u00f6laud (1400x600) - Anelto - t\u00f6\u00f6ruumi efektiivsus","isPartOf":{"@id":"https:\/\/anelto.eu\/#website"},"primaryImageOfPage":{"@id":"https:\/\/anelto.eu\/toode\/taskukohane-uhe-mootoriga-elektriliselt-reguleeritava-korgusega-laud-koos-lauaplaadiga\/#primaryimage"},"image":{"@id":"https:\/\/anelto.eu\/toode\/taskukohane-uhe-mootoriga-elektriliselt-reguleeritava-korgusega-laud-koos-lauaplaadiga\/#primaryimage"},"thumbnailUrl":"https:\/\/anelto.eu\/wp-content\/uploads\/2021\/01\/23a2a67f-db6d-4237-b04d-570199b1bb17_500_500.jpg","datePublished":"2021-01-22T10:29:26+00:00","dateModified":"2021-04-16T09:21:11+00:00","breadcrumb":{"@id":"https:\/\/anelto.eu\/toode\/taskukohane-uhe-mootoriga-elektriliselt-reguleeritava-korgusega-laud-koos-lauaplaadiga\/#breadcrumb"},"inLanguage":"en-US","potentialAction":[{"@type":"ReadAction","target":["https:\/\/anelto.eu\/toode\/taskukohane-uhe-mootoriga-elektriliselt-reguleeritava-korgusega-laud-koos-lauaplaadiga\/"]}]},{"@type":"ImageObject","inLanguage":"en-US","@id":"https:\/\/anelto.eu\/toode\/taskukohane-uhe-mootoriga-elektriliselt-reguleeritava-korgusega-laud-koos-lauaplaadiga\/#primaryimage","url":"https:\/\/anelto.eu\/wp-content\/uploads\/2021\/01\/23a2a67f-db6d-4237-b04d-570199b1bb17_500_500.jpg","contentUrl":"https:\/\/anelto.eu\/wp-content\/uploads\/2021\/01\/23a2a67f-db6d-4237-b04d-570199b1bb17_500_500.jpg","width":500,"height":500},{"@type":"BreadcrumbList","@id":"https:\/\/anelto.eu\/toode\/taskukohane-uhe-mootoriga-elektriliselt-reguleeritava-korgusega-laud-koos-lauaplaadiga\/#breadcrumb","itemListElement":[{"@type":"ListItem","position":1,"name":"Avaleht","item":"https:\/\/anelto.eu\/"},{"@type":"ListItem","position":2,"name":"Valdkonnad","item":"https:\/\/anelto.eu\/valdkonnad\/"},{"@type":"ListItem","position":3,"name":"Istumis- ja seismislauad","item":"https:\/\/anelto.eu\/tootekategooria\/istumis-seismislauad\/"},{"@type":"ListItem","position":4,"name":"\u00dche mootoriga elektriliselt reguleeritava k\u00f5rgusega t\u00f6\u00f6laud (1400&#215;600)"}]},{"@type":"WebSite","@id":"https:\/\/anelto.eu\/#website","url":"https:\/\/anelto.eu\/","name":"Anelto - t\u00f6\u00f6ruumi efektiivsus","description":"Ergonoomiline t\u00f6\u00f6keskkond ja kinnituslahendused!","publisher":{"@id":"https:\/\/anelto.eu\/#organization"},"potentialAction":[{"@type":"SearchAction","target":{"@type":"EntryPoint","urlTemplate":"https:\/\/anelto.eu\/?s={search_term_string}"},"query-input":{"@type":"PropertyValueSpecification","valueRequired":true,"valueName":"search_term_string"}}],"inLanguage":"en-US"},{"@type":"Organization","@id":"https:\/\/anelto.eu\/#organization","name":"Anelto","url":"https:\/\/anelto.eu\/","logo":{"@type":"ImageObject","inLanguage":"en-US","@id":"https:\/\/anelto.eu\/#\/schema\/logo\/image\/","url":"https:\/\/anelto.eu\/wp-content\/uploads\/2020\/06\/Picture1.png","contentUrl":"https:\/\/anelto.eu\/wp-content\/uploads\/2020\/06\/Picture1.png","width":615,"height":331,"caption":"Anelto"},"image":{"@id":"https:\/\/anelto.eu\/#\/schema\/logo\/image\/"}}]}},"_links":{"self":[{"href":"https:\/\/anelto.eu\/en\/wp-json\/wp\/v2\/product\/2818","targetHints":{"allow":["GET"]}}],"collection":[{"href":"https:\/\/anelto.eu\/en\/wp-json\/wp\/v2\/product"}],"about":[{"href":"https:\/\/anelto.eu\/en\/wp-json\/wp\/v2\/types\/product"}],"replies":[{"embeddable":true,"href":"https:\/\/anelto.eu\/en\/wp-json\/wp\/v2\/comments?post=2818"}],"wp:featuredmedia":[{"embeddable":true,"href":"https:\/\/anelto.eu\/en\/wp-json\/wp\/v2\/media\/2819"}],"wp:attachment":[{"href":"https:\/\/anelto.eu\/en\/wp-json\/wp\/v2\/media?parent=2818"}],"wp:term":[{"taxonomy":"product_cat","embeddable":true,"href":"https:\/\/anelto.eu\/en\/wp-json\/wp\/v2\/product_cat?post=2818"},{"taxonomy":"product_tag","embeddable":true,"href":"https:\/\/anelto.eu\/en\/wp-json\/wp\/v2\/product_tag?post=2818"}],"curies":[{"name":"wp","href":"https:\/\/api.w.org\/{rel}","templated":true}]}}