{"id":2791,"date":"2021-01-21T21:30:54","date_gmt":"2021-01-21T21:30:54","guid":{"rendered":"https:\/\/anelto.eu\/?post_type=product&#038;p=2791"},"modified":"2021-11-08T08:08:48","modified_gmt":"2021-11-08T08:08:48","slug":"kahe-mootoriga-elektriliselt-reguleeritav-toolaud","status":"publish","type":"product","link":"https:\/\/anelto.eu\/en\/toode\/kahe-mootoriga-elektriliselt-reguleeritav-toolaud\/","title":{"rendered":"Kahe mootoriga elektriliselt reguleeritav t\u00f6\u00f6laud"},"content":{"rendered":"<h4><span style=\"text-decoration: underline;\">Proffessionaalne elektriline t\u00f6\u00f6laud:<\/span><\/h4>\n<p>Kahe mootoriga elekriliselt reguleeritav t\u00f6\u00f6laud, mille tehnilised n\u00e4itajad on tippklass. Juhtpult, mille \u00fcks funktsioon on meelde tuletada asendi muutmist, mis tagab laua eesm\u00e4rgip\u00e4rase kasutamise. Kahe mootoriga elektrilist t\u00f6\u00f6lauda eelista, kui soovid kvaliteeti, visuaalselt ilusat ning samas ka v\u00f5imekat elektrilist t\u00f6\u00f6lauda. Elektrilist t\u00f6\u00f6lauda, millele saad panna k\u00f5ik oma vajalikud kontori v\u00f5i kodu vahendid ning vajadusel ka ise toetada ning samas ka k\u00f5rgust muuta. Kahe mootoriga elektriliselt reguleeritava mootoriga t\u00f6\u00f6laual on suurem kandev\u00f5ime, mis tagab ka parema t\u00f6\u00f6kindluse, kui \u00fche mootoriga lauad. Elektriliselt reguleeritav k\u00f5rgusvahemik vastab nii v\u00e4iksemat, kui ka suuremat kasvu inimese n\u00f5uetele. V\u00f5imalik eelseadistada laua k\u00f5rguste vahemik ning tundlikkus kokkup\u00f5rkel esemega, mis laua k\u00f5rguse muutmist takistab. Tippklassi kuuluv kahe mootoriga elektriliselt reguleeritav t\u00f6\u00f6laud on \u00f5ige valik, kui soovid kvaliteeti, t\u00f6\u00f6kindlust ja mugavust parimal v\u00f5imalikul viisil.<br \/>\nKomplektis on kaabelduseks vajalik kaablite hoidja, mis analoogsetel konkureerivatel toodetel on lisatasude eest.<\/p>\n<h4><span style=\"text-decoration: underline;\">Lisad:<\/span><\/h4>\n<p>Kahe mootoriga elektriliselt reguleeritav t\u00f6\u00f6laud vajab ka lauaplaati. Vali endale sobiv &#8211; olgu see siis melamiin v\u00f5i laminaat, must v\u00f5i valge v\u00f5i puiduimitatsiooniga. Soovitame laminaatpinnaga <a href=\"https:\/\/anelto.eu\/toode\/1800x750mm-suurusega-melamiin-laualaud\/\">lauaplaat<\/a>i, mille paksus v\u00e4hemalt 25mm. Laua laiusvahemik v\u00f5imaldab isegi kuni 1800mm m\u00f5\u00f5duga lauaplaadi kasutamist.<\/p>\n<p>Lisaks elektriliselt reguleeritavale lauale hangi endale ergonoomiline kontoritool, monitoride kinnitus, laptopi alus ja muud v\u00e4iksemad ergonoomilised tooted, et t\u00f6\u00f6koht oleks ergonoomiliselt v\u00f5imalikult terviklik.<br \/>\nK\u00e4ttesaadavad on ka muud tarvikud nagu privaatsirmid, pikendusjuhtmed ja kaablite kinnitustarvikud. K\u00fcsi julgelt.<\/p>\n<h4><span style=\"text-decoration: underline;\">Paigaldus:<\/span><\/h4>\n<p>Tippklassi kuuluv kahe mootoriga elektriliselt reguleeritav t\u00f6\u00f6laud vajab kokkupanemist &#8211; kaasas on juhend ja aitab ka <a href=\"https:\/\/youtu.be\/0_87JZ7COR8\">videolink<\/a>. Ergonoomilise t\u00f6\u00f6laua kokkupanek on lihtne ja loogiline ning t\u00e4nu spetsiaalsele disainile t\u00f6\u00f6mahult v\u00e4hem, kui analoogsed konkureerivad tooted. Pakume ka paigaldusteenust, koos sirmide, kaabelduse ja muu t\u00f6\u00f6ga.<\/p>\n<h4><span style=\"text-decoration: underline;\">Muud tehnilised n\u00e4itajad:<\/span><\/h4>\n<ul>\n<li>Kandej\u00f5ud: 125kg<\/li>\n<li>Laiusvahemik: 1000~1700mm<\/li>\n<li>K\u00f5rgusvahemik: 620~1280mm<\/li>\n<li>Kandejala suuna valik: alt \u00fcles v\u00f5i \u00fclalt alla<br \/>\nKandejalgade asmeid: kolm<\/li>\n<li>Kandejalgade astmete m\u00f5\u00f5tmed: 40X80, 46X86, 52X92mm<\/li>\n<li>Kandejalgade arv: 2<\/li>\n<li>Raami v\u00e4rvivalik: must, valge, hall<\/li>\n<li>Toide: 100~240V<\/li>\n<li>Toitekaabli pikkus: 3m<\/li>\n<li>Maksimaalne kiirus: 38mm\/s<\/li>\n<li>Kontrolleri t\u00fc\u00fcp: Puutep\u00f5hine LED ekraan<\/li>\n<li>Aja meeldetuletus: Jah<\/li>\n<li>Soovitatav kasutustemperatuur: -5\u2103~40\u2103<\/li>\n<li>IP kindlus: IP20<\/li>\n<li>Sertifikaadid: <a href=\"https:\/\/en.wikipedia.org\/wiki\/IECEE\">CB AS\/NZS raport<\/a>,<a href=\"https:\/\/en.wikipedia.org\/wiki\/CE_marking#:~:text=CE%20marking%20is%20an%20administrative,indicator%20or%20a%20certification%20mark.\">CE<\/a>,<a href=\"https:\/\/en.wikipedia.org\/wiki\/FCC_mark\">FCC<\/a>,<a href=\"https:\/\/www.rohsguide.com\/\">RoHS<\/a>,<a href=\"https:\/\/www.ul.com\/\">UL<\/a><\/li>\n<\/ul>\n<p>Soovid rohkem, kui kolme kahe mootoriga elektriliselt reguleeritavat t\u00f6\u00f6lauda, siis k\u00fcsi meilt pakkumist. Soovid tervet kontori lahendust, kus on kolme jala v\u00f5i L v\u00f5i muu erikujuga lauad &#8211; leiame lahenduse ehk v\u00f5ta meiega \u00fchendust.<\/p>\n","protected":false},"excerpt":{"rendered":"[embed]https:\/\/youtu.be\/0_87JZ7COR8[\/embed]\n<p><strong>Kahe mootoriga elektriliselt reguleeritav t\u00f6\u00f6laud &#8211; osta kohe meie e-poest <a href=\"https:\/\/www.weffy.eu\/toode\/kahe-mootoriga-elektriliselt-reguleeritava-korgusega-lauaraam\/\">SIIT.<\/a><br \/>\n<\/strong><\/p>\n<ul>\n<li>Soeta kahe mootoriga elektriliselt reguleeritav t\u00f6\u00f6laud koju v\u00f5i kontorisse, mille k\u00f5rgust saad elektriliselt reguleerida, kui soovid hoida oma tervist. Lisa sellele <a href=\"https:\/\/anelto.eu\/toode\/1800x750mm-suurusega-melamiin-laualaud\/\">lauaplaat<\/a>.<\/li>\n<li>Tippklassi kuuluv kahe mootoriga elektriliselt reguleeritav t\u00f6\u00f6laud on eelseadistatav laiuses (1000-1700mm), mis tagab sobivuse erineva suurusega lauaplaatidele.<\/li>\n<li>Valik jalgade kokkuminemise suunal (\u00fclalt alla v\u00f5i alt \u00fcles asmed).<\/li>\n<li>Mootorid on kaitstud \u00fclekoormuse kaitse vastu turvalisuse ja t\u00f6\u00f6kindluse tarbeks.<\/li>\n<li>Programmeeritav k\u00f5rguste vahemik, et kaitsta objekte laua \u00fcmber, n\u00e4iteks kapp laua all v\u00f5i riiul laua kohal.<\/li>\n<li>Kokkupaneku aega v\u00e4hendab raamide spetsiaalne disain..<\/li>\n<li>Vastab laudade <a href=\"https:\/\/www.bifma.org\/page\/standardsoverview\">BIFMA<\/a> standarditele ehk tagatud on k\u00f5rgeim stabiilsus ja vastupidavus<\/li>\n<li>Digitaalne LED m\u00e4lukontroller personaalseteks seadistusteks, lukustatav.<\/li>\n<li>Programmeeritav kokkup\u00f5rke v\u00e4ltimise s\u00fcsteem, et tuvastada paremini pehmed ja k\u00f5vad materjalid liikumisteel.<\/li>\n<li>Kolmeastmelised jalad tagavad suurema paindlikkuse k\u00f5rguse seadistamisel<\/li>\n<li>M\u00f5\u00f5tmed: 1000~1700x700x620~1280mm.<\/li>\n<li>Raamide kuju: ristk\u00fclik<\/li>\n<li>Soovitatav lauaplaadi paksus: \u226525mm<\/li>\n<li>Soovitatav lauaplaadi m\u00f5\u00f5dud: (1100~2200\uff09x\uff08700~1000\uff09mm.<\/li>\n<\/ul>\n<p><img loading=\"lazy\" decoding=\"async\" class=\"size-full wp-image-4106 aligncenter\" src=\"https:\/\/anelto.eu\/wp-content\/uploads\/2021\/02\/weffy_logo-300x130-1.png\" alt=\"\" width=\"300\" height=\"130\" \/><\/p>\n","protected":false},"featured_media":2795,"comment_status":"closed","ping_status":"closed","template":"","meta":{"_acf_changed":false},"product_cat":[63],"product_tag":[],"class_list":{"0":"post-2791","1":"product","2":"type-product","3":"status-publish","4":"has-post-thumbnail","6":"product_cat-istumis-seismislauad","8":"first","9":"instock","10":"shipping-taxable","11":"product-type-simple"},"acf":[],"yoast_head":"<!-- This site is optimized with the Yoast SEO plugin v23.9 - https:\/\/yoast.com\/wordpress\/plugins\/seo\/ -->\n<title>Kahe mootoriga elektriliselt reguleeritav t\u00f6\u00f6laud -<\/title>\n<meta name=\"description\" content=\"Kahe mootoriga elektriliselt reguleeritav t\u00f6\u00f6laud koju v\u00f5i kontorisse. Ergonoomiline elektriliselt t\u00f5stetav laud aktiivsele inimesele.\" \/>\n<meta name=\"robots\" content=\"index, follow, max-snippet:-1, max-image-preview:large, max-video-preview:-1\" \/>\n<link rel=\"canonical\" href=\"https:\/\/anelto.eu\/toode\/kahe-mootoriga-elektriliselt-reguleeritav-toolaud\/\" \/>\n<meta property=\"og:locale\" content=\"en_US\" \/>\n<meta property=\"og:type\" content=\"article\" \/>\n<meta property=\"og:title\" content=\"Kahe mootoriga elektriliselt reguleeritav t\u00f6\u00f6laud -\" \/>\n<meta property=\"og:description\" content=\"Kahe mootoriga elektriliselt reguleeritav t\u00f6\u00f6laud koju v\u00f5i kontorisse. Ergonoomiline elektriliselt t\u00f5stetav laud aktiivsele inimesele.\" \/>\n<meta property=\"og:url\" content=\"https:\/\/anelto.eu\/toode\/kahe-mootoriga-elektriliselt-reguleeritav-toolaud\/\" \/>\n<meta property=\"og:site_name\" content=\"Anelto - t\u00f6\u00f6ruumi efektiivsus\" \/>\n<meta property=\"article:modified_time\" content=\"2021-11-08T08:08:48+00:00\" \/>\n<meta property=\"og:image\" content=\"https:\/\/anelto.eu\/wp-content\/uploads\/2021\/01\/a8ee349e-ce6c-4538-9862-286b69964fe6_500_500.jpg\" \/>\n\t<meta property=\"og:image:width\" content=\"500\" \/>\n\t<meta property=\"og:image:height\" content=\"500\" \/>\n\t<meta property=\"og:image:type\" content=\"image\/jpeg\" \/>\n<meta name=\"twitter:card\" content=\"summary_large_image\" \/>\n<meta name=\"twitter:label1\" content=\"Est. reading time\" \/>\n\t<meta name=\"twitter:data1\" content=\"2 minutes\" \/>\n<script type=\"application\/ld+json\" class=\"yoast-schema-graph\">{\"@context\":\"https:\/\/schema.org\",\"@graph\":[{\"@type\":\"WebPage\",\"@id\":\"https:\/\/anelto.eu\/toode\/kahe-mootoriga-elektriliselt-reguleeritav-toolaud\/\",\"url\":\"https:\/\/anelto.eu\/toode\/kahe-mootoriga-elektriliselt-reguleeritav-toolaud\/\",\"name\":\"Kahe mootoriga elektriliselt reguleeritav t\u00f6\u00f6laud -\",\"isPartOf\":{\"@id\":\"https:\/\/anelto.eu\/#website\"},\"primaryImageOfPage\":{\"@id\":\"https:\/\/anelto.eu\/toode\/kahe-mootoriga-elektriliselt-reguleeritav-toolaud\/#primaryimage\"},\"image\":{\"@id\":\"https:\/\/anelto.eu\/toode\/kahe-mootoriga-elektriliselt-reguleeritav-toolaud\/#primaryimage\"},\"thumbnailUrl\":\"https:\/\/anelto.eu\/wp-content\/uploads\/2021\/01\/a8ee349e-ce6c-4538-9862-286b69964fe6_500_500.jpg\",\"datePublished\":\"2021-01-21T21:30:54+00:00\",\"dateModified\":\"2021-11-08T08:08:48+00:00\",\"description\":\"Kahe mootoriga elektriliselt reguleeritav t\u00f6\u00f6laud koju v\u00f5i kontorisse. Ergonoomiline elektriliselt t\u00f5stetav laud aktiivsele inimesele.\",\"breadcrumb\":{\"@id\":\"https:\/\/anelto.eu\/toode\/kahe-mootoriga-elektriliselt-reguleeritav-toolaud\/#breadcrumb\"},\"inLanguage\":\"en-US\",\"potentialAction\":[{\"@type\":\"ReadAction\",\"target\":[\"https:\/\/anelto.eu\/toode\/kahe-mootoriga-elektriliselt-reguleeritav-toolaud\/\"]}]},{\"@type\":\"ImageObject\",\"inLanguage\":\"en-US\",\"@id\":\"https:\/\/anelto.eu\/toode\/kahe-mootoriga-elektriliselt-reguleeritav-toolaud\/#primaryimage\",\"url\":\"https:\/\/anelto.eu\/wp-content\/uploads\/2021\/01\/a8ee349e-ce6c-4538-9862-286b69964fe6_500_500.jpg\",\"contentUrl\":\"https:\/\/anelto.eu\/wp-content\/uploads\/2021\/01\/a8ee349e-ce6c-4538-9862-286b69964fe6_500_500.jpg\",\"width\":500,\"height\":500,\"caption\":\"kahe mootoriga elektriliselt reguleeritav t\u00f6\u00f6laud\"},{\"@type\":\"BreadcrumbList\",\"@id\":\"https:\/\/anelto.eu\/toode\/kahe-mootoriga-elektriliselt-reguleeritav-toolaud\/#breadcrumb\",\"itemListElement\":[{\"@type\":\"ListItem\",\"position\":1,\"name\":\"Avaleht\",\"item\":\"https:\/\/anelto.eu\/\"},{\"@type\":\"ListItem\",\"position\":2,\"name\":\"Valdkonnad\",\"item\":\"https:\/\/anelto.eu\/valdkonnad\/\"},{\"@type\":\"ListItem\",\"position\":3,\"name\":\"Istumis- ja seismislauad\",\"item\":\"https:\/\/anelto.eu\/tootekategooria\/istumis-seismislauad\/\"},{\"@type\":\"ListItem\",\"position\":4,\"name\":\"Kahe mootoriga elektriliselt reguleeritav t\u00f6\u00f6laud\"}]},{\"@type\":\"WebSite\",\"@id\":\"https:\/\/anelto.eu\/#website\",\"url\":\"https:\/\/anelto.eu\/\",\"name\":\"Anelto - t\u00f6\u00f6ruumi efektiivsus\",\"description\":\"Ergonoomiline t\u00f6\u00f6keskkond ja kinnituslahendused!\",\"publisher\":{\"@id\":\"https:\/\/anelto.eu\/#organization\"},\"potentialAction\":[{\"@type\":\"SearchAction\",\"target\":{\"@type\":\"EntryPoint\",\"urlTemplate\":\"https:\/\/anelto.eu\/?s={search_term_string}\"},\"query-input\":{\"@type\":\"PropertyValueSpecification\",\"valueRequired\":true,\"valueName\":\"search_term_string\"}}],\"inLanguage\":\"en-US\"},{\"@type\":\"Organization\",\"@id\":\"https:\/\/anelto.eu\/#organization\",\"name\":\"Anelto\",\"url\":\"https:\/\/anelto.eu\/\",\"logo\":{\"@type\":\"ImageObject\",\"inLanguage\":\"en-US\",\"@id\":\"https:\/\/anelto.eu\/#\/schema\/logo\/image\/\",\"url\":\"https:\/\/anelto.eu\/wp-content\/uploads\/2020\/06\/Picture1.png\",\"contentUrl\":\"https:\/\/anelto.eu\/wp-content\/uploads\/2020\/06\/Picture1.png\",\"width\":615,\"height\":331,\"caption\":\"Anelto\"},\"image\":{\"@id\":\"https:\/\/anelto.eu\/#\/schema\/logo\/image\/\"}}]}<\/script>\n<!-- \/ Yoast SEO plugin. -->","yoast_head_json":{"title":"Kahe mootoriga elektriliselt reguleeritav t\u00f6\u00f6laud -","description":"Kahe mootoriga elektriliselt reguleeritav t\u00f6\u00f6laud koju v\u00f5i kontorisse. Ergonoomiline elektriliselt t\u00f5stetav laud aktiivsele inimesele.","robots":{"index":"index","follow":"follow","max-snippet":"max-snippet:-1","max-image-preview":"max-image-preview:large","max-video-preview":"max-video-preview:-1"},"canonical":"https:\/\/anelto.eu\/toode\/kahe-mootoriga-elektriliselt-reguleeritav-toolaud\/","og_locale":"en_US","og_type":"article","og_title":"Kahe mootoriga elektriliselt reguleeritav t\u00f6\u00f6laud -","og_description":"Kahe mootoriga elektriliselt reguleeritav t\u00f6\u00f6laud koju v\u00f5i kontorisse. Ergonoomiline elektriliselt t\u00f5stetav laud aktiivsele inimesele.","og_url":"https:\/\/anelto.eu\/toode\/kahe-mootoriga-elektriliselt-reguleeritav-toolaud\/","og_site_name":"Anelto - t\u00f6\u00f6ruumi efektiivsus","article_modified_time":"2021-11-08T08:08:48+00:00","og_image":[{"width":500,"height":500,"url":"https:\/\/anelto.eu\/wp-content\/uploads\/2021\/01\/a8ee349e-ce6c-4538-9862-286b69964fe6_500_500.jpg","type":"image\/jpeg"}],"twitter_card":"summary_large_image","twitter_misc":{"Est. reading time":"2 minutes"},"schema":{"@context":"https:\/\/schema.org","@graph":[{"@type":"WebPage","@id":"https:\/\/anelto.eu\/toode\/kahe-mootoriga-elektriliselt-reguleeritav-toolaud\/","url":"https:\/\/anelto.eu\/toode\/kahe-mootoriga-elektriliselt-reguleeritav-toolaud\/","name":"Kahe mootoriga elektriliselt reguleeritav t\u00f6\u00f6laud -","isPartOf":{"@id":"https:\/\/anelto.eu\/#website"},"primaryImageOfPage":{"@id":"https:\/\/anelto.eu\/toode\/kahe-mootoriga-elektriliselt-reguleeritav-toolaud\/#primaryimage"},"image":{"@id":"https:\/\/anelto.eu\/toode\/kahe-mootoriga-elektriliselt-reguleeritav-toolaud\/#primaryimage"},"thumbnailUrl":"https:\/\/anelto.eu\/wp-content\/uploads\/2021\/01\/a8ee349e-ce6c-4538-9862-286b69964fe6_500_500.jpg","datePublished":"2021-01-21T21:30:54+00:00","dateModified":"2021-11-08T08:08:48+00:00","description":"Kahe mootoriga elektriliselt reguleeritav t\u00f6\u00f6laud koju v\u00f5i kontorisse. Ergonoomiline elektriliselt t\u00f5stetav laud aktiivsele inimesele.","breadcrumb":{"@id":"https:\/\/anelto.eu\/toode\/kahe-mootoriga-elektriliselt-reguleeritav-toolaud\/#breadcrumb"},"inLanguage":"en-US","potentialAction":[{"@type":"ReadAction","target":["https:\/\/anelto.eu\/toode\/kahe-mootoriga-elektriliselt-reguleeritav-toolaud\/"]}]},{"@type":"ImageObject","inLanguage":"en-US","@id":"https:\/\/anelto.eu\/toode\/kahe-mootoriga-elektriliselt-reguleeritav-toolaud\/#primaryimage","url":"https:\/\/anelto.eu\/wp-content\/uploads\/2021\/01\/a8ee349e-ce6c-4538-9862-286b69964fe6_500_500.jpg","contentUrl":"https:\/\/anelto.eu\/wp-content\/uploads\/2021\/01\/a8ee349e-ce6c-4538-9862-286b69964fe6_500_500.jpg","width":500,"height":500,"caption":"kahe mootoriga elektriliselt reguleeritav t\u00f6\u00f6laud"},{"@type":"BreadcrumbList","@id":"https:\/\/anelto.eu\/toode\/kahe-mootoriga-elektriliselt-reguleeritav-toolaud\/#breadcrumb","itemListElement":[{"@type":"ListItem","position":1,"name":"Avaleht","item":"https:\/\/anelto.eu\/"},{"@type":"ListItem","position":2,"name":"Valdkonnad","item":"https:\/\/anelto.eu\/valdkonnad\/"},{"@type":"ListItem","position":3,"name":"Istumis- ja seismislauad","item":"https:\/\/anelto.eu\/tootekategooria\/istumis-seismislauad\/"},{"@type":"ListItem","position":4,"name":"Kahe mootoriga elektriliselt reguleeritav t\u00f6\u00f6laud"}]},{"@type":"WebSite","@id":"https:\/\/anelto.eu\/#website","url":"https:\/\/anelto.eu\/","name":"Anelto - t\u00f6\u00f6ruumi efektiivsus","description":"Ergonoomiline t\u00f6\u00f6keskkond ja kinnituslahendused!","publisher":{"@id":"https:\/\/anelto.eu\/#organization"},"potentialAction":[{"@type":"SearchAction","target":{"@type":"EntryPoint","urlTemplate":"https:\/\/anelto.eu\/?s={search_term_string}"},"query-input":{"@type":"PropertyValueSpecification","valueRequired":true,"valueName":"search_term_string"}}],"inLanguage":"en-US"},{"@type":"Organization","@id":"https:\/\/anelto.eu\/#organization","name":"Anelto","url":"https:\/\/anelto.eu\/","logo":{"@type":"ImageObject","inLanguage":"en-US","@id":"https:\/\/anelto.eu\/#\/schema\/logo\/image\/","url":"https:\/\/anelto.eu\/wp-content\/uploads\/2020\/06\/Picture1.png","contentUrl":"https:\/\/anelto.eu\/wp-content\/uploads\/2020\/06\/Picture1.png","width":615,"height":331,"caption":"Anelto"},"image":{"@id":"https:\/\/anelto.eu\/#\/schema\/logo\/image\/"}}]}},"_links":{"self":[{"href":"https:\/\/anelto.eu\/en\/wp-json\/wp\/v2\/product\/2791","targetHints":{"allow":["GET"]}}],"collection":[{"href":"https:\/\/anelto.eu\/en\/wp-json\/wp\/v2\/product"}],"about":[{"href":"https:\/\/anelto.eu\/en\/wp-json\/wp\/v2\/types\/product"}],"replies":[{"embeddable":true,"href":"https:\/\/anelto.eu\/en\/wp-json\/wp\/v2\/comments?post=2791"}],"wp:featuredmedia":[{"embeddable":true,"href":"https:\/\/anelto.eu\/en\/wp-json\/wp\/v2\/media\/2795"}],"wp:attachment":[{"href":"https:\/\/anelto.eu\/en\/wp-json\/wp\/v2\/media?parent=2791"}],"wp:term":[{"taxonomy":"product_cat","embeddable":true,"href":"https:\/\/anelto.eu\/en\/wp-json\/wp\/v2\/product_cat?post=2791"},{"taxonomy":"product_tag","embeddable":true,"href":"https:\/\/anelto.eu\/en\/wp-json\/wp\/v2\/product_tag?post=2791"}],"curies":[{"name":"wp","href":"https:\/\/api.w.org\/{rel}","templated":true}]}}