{"id":2671,"date":"2021-01-15T10:43:26","date_gmt":"2021-01-15T10:43:26","guid":{"rendered":"https:\/\/anelto.eu\/toode\/2-jalaline-l-kujuline-kahe-mootoriga-reguleritava-korgusega-laud\/"},"modified":"2021-01-15T10:45:09","modified_gmt":"2021-01-15T10:45:09","slug":"2-jalaline-l-kujuline-kahe-mootoriga-reguleritava-korgusega-laud","status":"publish","type":"product","link":"https:\/\/anelto.eu\/en\/toode\/2-jalaline-l-kujuline-kahe-mootoriga-reguleritava-korgusega-laud\/","title":{"rendered":"2-leg L-shaped Dual Motor Sit-Stand Desk2-jalaline, L-kujuline, kahe mootoriga reguleritava k\u00f5rgusega laud"},"content":{"rendered":"","protected":false},"excerpt":{"rendered":"<ul>\n<li>Z-shaped Crossbar: provides increased stability for weight on return side of the desk<\/li>\n<li>Easy-Assembly: advanced frame design reduces set-up time while providing long-term stability for confident daily use<\/li>\n<li>Programmable Proprietary Gyro-Current Collision Avoidance System: improved sensing technology for better detection of soft and hard objects in the movement path<\/li>\n<li>3 Programmable Memory: presets save your desired height<\/li>\n<li>Sit\/Stand Time Reminder: for regular movement<\/li>\n<li>Motor(s) is(are) Thermal and Overload Protected: for safety and longevity<\/li>\n<li>Programmable height range: customizes the minimum and maximum height settings to accommodate objects around you, such as under desk cabinets or storage units<\/li>\n<\/ul>\n","protected":false},"featured_media":2674,"comment_status":"closed","ping_status":"closed","template":"","meta":{"_acf_changed":false},"product_cat":[86],"product_tag":[],"class_list":{"0":"post-2671","1":"product","2":"type-product","3":"status-publish","4":"has-post-thumbnail","6":"product_cat-istumis-ja-seismislauad","8":"first","9":"instock","10":"featured","11":"shipping-taxable","12":"product-type-simple"},"acf":[],"yoast_head":"<!-- This site is optimized with the Yoast SEO plugin v23.9 - https:\/\/yoast.com\/wordpress\/plugins\/seo\/ -->\n<title>2-leg L-shaped Dual Motor Sit-Stand Desk2-jalaline, L-kujuline, kahe mootoriga reguleritava k\u00f5rgusega laud - Anelto - t\u00f6\u00f6ruumi efektiivsus<\/title>\n<meta name=\"robots\" content=\"index, follow, max-snippet:-1, max-image-preview:large, max-video-preview:-1\" \/>\n<link rel=\"canonical\" href=\"https:\/\/anelto.eu\/toode\/2-jalaline-l-kujuline-kahe-mootoriga-reguleritava-korgusega-laud\/\" \/>\n<meta property=\"og:locale\" content=\"en_US\" \/>\n<meta property=\"og:type\" content=\"article\" \/>\n<meta property=\"og:title\" content=\"2-leg L-shaped Dual Motor Sit-Stand Desk2-jalaline, L-kujuline, kahe mootoriga reguleritava k\u00f5rgusega laud - Anelto - t\u00f6\u00f6ruumi efektiivsus\" \/>\n<meta property=\"og:description\" content=\"Z-shaped Crossbar: provides increased stability for weight on return side of the desk Easy-Assembly: advanced frame design reduces set-up time while providing long-term stability for confident daily use Programmable Proprietary Gyro-Current Collision Avoidance System: improved sensing technology for better detection of soft and hard objects in the movement path 3 Programmable Memory: presets save your desired height Sit\/Stand Time Reminder: for regular movement Motor(s) is(are) Thermal and Overload Protected: for safety and longevity Programmable height range: customizes the minimum and maximum height settings to accommodate objects around you, such as under desk cabinets or storage units\" \/>\n<meta property=\"og:url\" content=\"https:\/\/anelto.eu\/toode\/2-jalaline-l-kujuline-kahe-mootoriga-reguleritava-korgusega-laud\/\" \/>\n<meta property=\"og:site_name\" content=\"Anelto - t\u00f6\u00f6ruumi efektiivsus\" \/>\n<meta property=\"article:modified_time\" content=\"2021-01-15T10:45:09+00:00\" \/>\n<meta property=\"og:image\" content=\"https:\/\/anelto.eu\/wp-content\/uploads\/2021\/01\/M07-23RZL.jpg\" \/>\n\t<meta property=\"og:image:width\" content=\"500\" \/>\n\t<meta property=\"og:image:height\" content=\"500\" \/>\n\t<meta property=\"og:image:type\" content=\"image\/jpeg\" \/>\n<meta name=\"twitter:card\" content=\"summary_large_image\" \/>\n<script type=\"application\/ld+json\" class=\"yoast-schema-graph\">{\"@context\":\"https:\/\/schema.org\",\"@graph\":[{\"@type\":\"WebPage\",\"@id\":\"https:\/\/anelto.eu\/toode\/2-jalaline-l-kujuline-kahe-mootoriga-reguleritava-korgusega-laud\/\",\"url\":\"https:\/\/anelto.eu\/toode\/2-jalaline-l-kujuline-kahe-mootoriga-reguleritava-korgusega-laud\/\",\"name\":\"2-leg L-shaped Dual Motor Sit-Stand Desk2-jalaline, L-kujuline, kahe mootoriga reguleritava k\u00f5rgusega laud - Anelto - t\u00f6\u00f6ruumi efektiivsus\",\"isPartOf\":{\"@id\":\"https:\/\/anelto.eu\/#website\"},\"primaryImageOfPage\":{\"@id\":\"https:\/\/anelto.eu\/toode\/2-jalaline-l-kujuline-kahe-mootoriga-reguleritava-korgusega-laud\/#primaryimage\"},\"image\":{\"@id\":\"https:\/\/anelto.eu\/toode\/2-jalaline-l-kujuline-kahe-mootoriga-reguleritava-korgusega-laud\/#primaryimage\"},\"thumbnailUrl\":\"https:\/\/anelto.eu\/wp-content\/uploads\/2021\/01\/M07-23RZL.jpg\",\"datePublished\":\"2021-01-15T10:43:26+00:00\",\"dateModified\":\"2021-01-15T10:45:09+00:00\",\"breadcrumb\":{\"@id\":\"https:\/\/anelto.eu\/toode\/2-jalaline-l-kujuline-kahe-mootoriga-reguleritava-korgusega-laud\/#breadcrumb\"},\"inLanguage\":\"en-US\",\"potentialAction\":[{\"@type\":\"ReadAction\",\"target\":[\"https:\/\/anelto.eu\/toode\/2-jalaline-l-kujuline-kahe-mootoriga-reguleritava-korgusega-laud\/\"]}]},{\"@type\":\"ImageObject\",\"inLanguage\":\"en-US\",\"@id\":\"https:\/\/anelto.eu\/toode\/2-jalaline-l-kujuline-kahe-mootoriga-reguleritava-korgusega-laud\/#primaryimage\",\"url\":\"https:\/\/anelto.eu\/wp-content\/uploads\/2021\/01\/M07-23RZL.jpg\",\"contentUrl\":\"https:\/\/anelto.eu\/wp-content\/uploads\/2021\/01\/M07-23RZL.jpg\",\"width\":500,\"height\":500,\"caption\":\"L-shaped electric desk\"},{\"@type\":\"BreadcrumbList\",\"@id\":\"https:\/\/anelto.eu\/toode\/2-jalaline-l-kujuline-kahe-mootoriga-reguleritava-korgusega-laud\/#breadcrumb\",\"itemListElement\":[{\"@type\":\"ListItem\",\"position\":1,\"name\":\"Avaleht\",\"item\":\"https:\/\/anelto.eu\/\"},{\"@type\":\"ListItem\",\"position\":2,\"name\":\"Valdkonnad\",\"item\":\"https:\/\/anelto.eu\/valdkonnad\/\"},{\"@type\":\"ListItem\",\"position\":3,\"name\":\"Istumis- ja seismislauad\",\"item\":\"https:\/\/anelto.eu\/tootekategooria\/istumis-seismislauad\/\"},{\"@type\":\"ListItem\",\"position\":4,\"name\":\"2-leg L-shaped Dual Motor Sit-Stand Desk2-jalaline, L-kujuline, kahe mootoriga reguleritava k\u00f5rgusega laud\"}]},{\"@type\":\"WebSite\",\"@id\":\"https:\/\/anelto.eu\/#website\",\"url\":\"https:\/\/anelto.eu\/\",\"name\":\"Anelto - t\u00f6\u00f6ruumi efektiivsus\",\"description\":\"Ergonoomiline t\u00f6\u00f6keskkond ja kinnituslahendused!\",\"publisher\":{\"@id\":\"https:\/\/anelto.eu\/#organization\"},\"potentialAction\":[{\"@type\":\"SearchAction\",\"target\":{\"@type\":\"EntryPoint\",\"urlTemplate\":\"https:\/\/anelto.eu\/?s={search_term_string}\"},\"query-input\":{\"@type\":\"PropertyValueSpecification\",\"valueRequired\":true,\"valueName\":\"search_term_string\"}}],\"inLanguage\":\"en-US\"},{\"@type\":\"Organization\",\"@id\":\"https:\/\/anelto.eu\/#organization\",\"name\":\"Anelto\",\"url\":\"https:\/\/anelto.eu\/\",\"logo\":{\"@type\":\"ImageObject\",\"inLanguage\":\"en-US\",\"@id\":\"https:\/\/anelto.eu\/#\/schema\/logo\/image\/\",\"url\":\"https:\/\/anelto.eu\/wp-content\/uploads\/2020\/06\/Picture1.png\",\"contentUrl\":\"https:\/\/anelto.eu\/wp-content\/uploads\/2020\/06\/Picture1.png\",\"width\":615,\"height\":331,\"caption\":\"Anelto\"},\"image\":{\"@id\":\"https:\/\/anelto.eu\/#\/schema\/logo\/image\/\"}}]}<\/script>\n<!-- \/ Yoast SEO plugin. -->","yoast_head_json":{"title":"2-leg L-shaped Dual Motor Sit-Stand Desk2-jalaline, L-kujuline, kahe mootoriga reguleritava k\u00f5rgusega laud - Anelto - t\u00f6\u00f6ruumi efektiivsus","robots":{"index":"index","follow":"follow","max-snippet":"max-snippet:-1","max-image-preview":"max-image-preview:large","max-video-preview":"max-video-preview:-1"},"canonical":"https:\/\/anelto.eu\/toode\/2-jalaline-l-kujuline-kahe-mootoriga-reguleritava-korgusega-laud\/","og_locale":"en_US","og_type":"article","og_title":"2-leg L-shaped Dual Motor Sit-Stand Desk2-jalaline, L-kujuline, kahe mootoriga reguleritava k\u00f5rgusega laud - Anelto - t\u00f6\u00f6ruumi efektiivsus","og_description":"Z-shaped Crossbar: provides increased stability for weight on return side of the desk Easy-Assembly: advanced frame design reduces set-up time while providing long-term stability for confident daily use Programmable Proprietary Gyro-Current Collision Avoidance System: improved sensing technology for better detection of soft and hard objects in the movement path 3 Programmable Memory: presets save your desired height Sit\/Stand Time Reminder: for regular movement Motor(s) is(are) Thermal and Overload Protected: for safety and longevity Programmable height range: customizes the minimum and maximum height settings to accommodate objects around you, such as under desk cabinets or storage units","og_url":"https:\/\/anelto.eu\/toode\/2-jalaline-l-kujuline-kahe-mootoriga-reguleritava-korgusega-laud\/","og_site_name":"Anelto - t\u00f6\u00f6ruumi efektiivsus","article_modified_time":"2021-01-15T10:45:09+00:00","og_image":[{"width":500,"height":500,"url":"https:\/\/anelto.eu\/wp-content\/uploads\/2021\/01\/M07-23RZL.jpg","type":"image\/jpeg"}],"twitter_card":"summary_large_image","schema":{"@context":"https:\/\/schema.org","@graph":[{"@type":"WebPage","@id":"https:\/\/anelto.eu\/toode\/2-jalaline-l-kujuline-kahe-mootoriga-reguleritava-korgusega-laud\/","url":"https:\/\/anelto.eu\/toode\/2-jalaline-l-kujuline-kahe-mootoriga-reguleritava-korgusega-laud\/","name":"2-leg L-shaped Dual Motor Sit-Stand Desk2-jalaline, L-kujuline, kahe mootoriga reguleritava k\u00f5rgusega laud - Anelto - t\u00f6\u00f6ruumi efektiivsus","isPartOf":{"@id":"https:\/\/anelto.eu\/#website"},"primaryImageOfPage":{"@id":"https:\/\/anelto.eu\/toode\/2-jalaline-l-kujuline-kahe-mootoriga-reguleritava-korgusega-laud\/#primaryimage"},"image":{"@id":"https:\/\/anelto.eu\/toode\/2-jalaline-l-kujuline-kahe-mootoriga-reguleritava-korgusega-laud\/#primaryimage"},"thumbnailUrl":"https:\/\/anelto.eu\/wp-content\/uploads\/2021\/01\/M07-23RZL.jpg","datePublished":"2021-01-15T10:43:26+00:00","dateModified":"2021-01-15T10:45:09+00:00","breadcrumb":{"@id":"https:\/\/anelto.eu\/toode\/2-jalaline-l-kujuline-kahe-mootoriga-reguleritava-korgusega-laud\/#breadcrumb"},"inLanguage":"en-US","potentialAction":[{"@type":"ReadAction","target":["https:\/\/anelto.eu\/toode\/2-jalaline-l-kujuline-kahe-mootoriga-reguleritava-korgusega-laud\/"]}]},{"@type":"ImageObject","inLanguage":"en-US","@id":"https:\/\/anelto.eu\/toode\/2-jalaline-l-kujuline-kahe-mootoriga-reguleritava-korgusega-laud\/#primaryimage","url":"https:\/\/anelto.eu\/wp-content\/uploads\/2021\/01\/M07-23RZL.jpg","contentUrl":"https:\/\/anelto.eu\/wp-content\/uploads\/2021\/01\/M07-23RZL.jpg","width":500,"height":500,"caption":"L-shaped electric desk"},{"@type":"BreadcrumbList","@id":"https:\/\/anelto.eu\/toode\/2-jalaline-l-kujuline-kahe-mootoriga-reguleritava-korgusega-laud\/#breadcrumb","itemListElement":[{"@type":"ListItem","position":1,"name":"Avaleht","item":"https:\/\/anelto.eu\/"},{"@type":"ListItem","position":2,"name":"Valdkonnad","item":"https:\/\/anelto.eu\/valdkonnad\/"},{"@type":"ListItem","position":3,"name":"Istumis- ja seismislauad","item":"https:\/\/anelto.eu\/tootekategooria\/istumis-seismislauad\/"},{"@type":"ListItem","position":4,"name":"2-leg L-shaped Dual Motor Sit-Stand Desk2-jalaline, L-kujuline, kahe mootoriga reguleritava k\u00f5rgusega laud"}]},{"@type":"WebSite","@id":"https:\/\/anelto.eu\/#website","url":"https:\/\/anelto.eu\/","name":"Anelto - t\u00f6\u00f6ruumi efektiivsus","description":"Ergonoomiline t\u00f6\u00f6keskkond ja kinnituslahendused!","publisher":{"@id":"https:\/\/anelto.eu\/#organization"},"potentialAction":[{"@type":"SearchAction","target":{"@type":"EntryPoint","urlTemplate":"https:\/\/anelto.eu\/?s={search_term_string}"},"query-input":{"@type":"PropertyValueSpecification","valueRequired":true,"valueName":"search_term_string"}}],"inLanguage":"en-US"},{"@type":"Organization","@id":"https:\/\/anelto.eu\/#organization","name":"Anelto","url":"https:\/\/anelto.eu\/","logo":{"@type":"ImageObject","inLanguage":"en-US","@id":"https:\/\/anelto.eu\/#\/schema\/logo\/image\/","url":"https:\/\/anelto.eu\/wp-content\/uploads\/2020\/06\/Picture1.png","contentUrl":"https:\/\/anelto.eu\/wp-content\/uploads\/2020\/06\/Picture1.png","width":615,"height":331,"caption":"Anelto"},"image":{"@id":"https:\/\/anelto.eu\/#\/schema\/logo\/image\/"}}]}},"_links":{"self":[{"href":"https:\/\/anelto.eu\/en\/wp-json\/wp\/v2\/product\/2671","targetHints":{"allow":["GET"]}}],"collection":[{"href":"https:\/\/anelto.eu\/en\/wp-json\/wp\/v2\/product"}],"about":[{"href":"https:\/\/anelto.eu\/en\/wp-json\/wp\/v2\/types\/product"}],"replies":[{"embeddable":true,"href":"https:\/\/anelto.eu\/en\/wp-json\/wp\/v2\/comments?post=2671"}],"wp:featuredmedia":[{"embeddable":true,"href":"https:\/\/anelto.eu\/en\/wp-json\/wp\/v2\/media\/2674"}],"wp:attachment":[{"href":"https:\/\/anelto.eu\/en\/wp-json\/wp\/v2\/media?parent=2671"}],"wp:term":[{"taxonomy":"product_cat","embeddable":true,"href":"https:\/\/anelto.eu\/en\/wp-json\/wp\/v2\/product_cat?post=2671"},{"taxonomy":"product_tag","embeddable":true,"href":"https:\/\/anelto.eu\/en\/wp-json\/wp\/v2\/product_tag?post=2671"}],"curies":[{"name":"wp","href":"https:\/\/api.w.org\/{rel}","templated":true}]}}