{"id":2213,"date":"2020-07-12T19:40:25","date_gmt":"2020-07-12T19:40:25","guid":{"rendered":"https:\/\/anelto.eu\/toode\/komplekt-fx15-anelto-iseteenindus\/"},"modified":"2020-07-28T11:13:51","modified_gmt":"2020-07-28T11:13:51","slug":"komplekt-fx15-anelto-iseteenindus","status":"publish","type":"product","link":"https:\/\/anelto.eu\/en\/toode\/komplekt-fx15-anelto-iseteenindus\/","title":{"rendered":"KOMPLEKT &#8211; FX15 Anelto Iseteenindus"},"content":{"rendered":"","protected":false},"excerpt":{"rendered":"<p>Komplekt sobib ideaalselt iseteeninduskassasse klientide kiiremaks teenindamiseks. Ergonoomiline lahendus, mis on mugav nii kassiiri kui kliendi jaoks. Pikendatavad ja p\u00f6\u00f6rlevad seadmete kinnitused tagavad kiire makseportsessi.<\/p>\n<p><b>FIX 17 Anelto Kassiir 3 sisaldab:<\/b><\/p>\n<ul>\n<li>Kinnituspost 250 mm<\/li>\n<li>Pipe side mount, main part<\/li>\n<li>Arm end mount, main part<\/li>\n<li>VESA 100 x 100 kinnitusplaat<\/li>\n<li>K\u00fclgmine pikendatav kinnitus 1 &#8211; 2 tk<\/li>\n<li>T\u0161ekiprinteri kinnitusplaat<\/li>\n<li>Kaardimakseterminali kinnitusplaat<\/li>\n<li>V\u00e4rvus tume hall, garantii 2 aastat<\/li>\n<\/ul>\n","protected":false},"featured_media":2142,"comment_status":"closed","ping_status":"closed","template":"","meta":{"_acf_changed":false},"product_cat":[],"product_tag":[],"class_list":{"0":"post-2213","1":"product","2":"type-product","3":"status-publish","4":"has-post-thumbnail","7":"first","8":"instock","9":"shipping-taxable","10":"product-type-simple"},"acf":[],"yoast_head":"<!-- This site is optimized with the Yoast SEO plugin v23.9 - https:\/\/yoast.com\/wordpress\/plugins\/seo\/ -->\n<title>KOMPLEKT - FX15 Anelto Iseteenindus - Anelto - t\u00f6\u00f6ruumi efektiivsus<\/title>\n<meta name=\"robots\" content=\"index, follow, max-snippet:-1, max-image-preview:large, max-video-preview:-1\" \/>\n<link rel=\"canonical\" href=\"https:\/\/anelto.eu\/en\/toode\/komplekt-fx15-anelto-iseteenindus\/\" \/>\n<meta property=\"og:locale\" content=\"en_US\" \/>\n<meta property=\"og:type\" content=\"article\" \/>\n<meta property=\"og:title\" content=\"KOMPLEKT - FX15 Anelto Iseteenindus - Anelto - t\u00f6\u00f6ruumi efektiivsus\" \/>\n<meta property=\"og:description\" content=\"Komplekt sobib ideaalselt iseteeninduskassasse klientide kiiremaks teenindamiseks. Ergonoomiline lahendus, mis on mugav nii kassiiri kui kliendi jaoks. Pikendatavad ja p\u00f6\u00f6rlevad seadmete kinnitused tagavad kiire makseportsessi.  FIX 17 Anelto Kassiir 3 sisaldab:   Kinnituspost 250 mm  Pipe side mount, main part  Arm end mount, main part  VESA 100 x 100 kinnitusplaat  K\u00fclgmine pikendatav kinnitus 1 - 2 tk  T\u0161ekiprinteri kinnitusplaat  Kaardimakseterminali kinnitusplaat  V\u00e4rvus tume hall, garantii 2 aastat\" \/>\n<meta property=\"og:url\" content=\"https:\/\/anelto.eu\/en\/toode\/komplekt-fx15-anelto-iseteenindus\/\" \/>\n<meta property=\"og:site_name\" content=\"Anelto - t\u00f6\u00f6ruumi efektiivsus\" \/>\n<meta property=\"article:modified_time\" content=\"2020-07-28T11:13:51+00:00\" \/>\n<meta property=\"og:image\" content=\"https:\/\/anelto.eu\/wp-content\/uploads\/2020\/07\/KOMPLEKT-FX15-ANELTO-ISETEENINDUS.png\" \/>\n\t<meta property=\"og:image:width\" content=\"661\" \/>\n\t<meta property=\"og:image:height\" content=\"661\" \/>\n\t<meta property=\"og:image:type\" content=\"image\/png\" \/>\n<meta name=\"twitter:card\" content=\"summary_large_image\" \/>\n<script type=\"application\/ld+json\" class=\"yoast-schema-graph\">{\"@context\":\"https:\/\/schema.org\",\"@graph\":[{\"@type\":\"WebPage\",\"@id\":\"https:\/\/anelto.eu\/en\/toode\/komplekt-fx15-anelto-iseteenindus\/\",\"url\":\"https:\/\/anelto.eu\/en\/toode\/komplekt-fx15-anelto-iseteenindus\/\",\"name\":\"KOMPLEKT - FX15 Anelto Iseteenindus - Anelto - t\u00f6\u00f6ruumi efektiivsus\",\"isPartOf\":{\"@id\":\"https:\/\/anelto.eu\/#website\"},\"primaryImageOfPage\":{\"@id\":\"https:\/\/anelto.eu\/en\/toode\/komplekt-fx15-anelto-iseteenindus\/#primaryimage\"},\"image\":{\"@id\":\"https:\/\/anelto.eu\/en\/toode\/komplekt-fx15-anelto-iseteenindus\/#primaryimage\"},\"thumbnailUrl\":\"https:\/\/anelto.eu\/wp-content\/uploads\/2020\/07\/KOMPLEKT-FX15-ANELTO-ISETEENINDUS.png\",\"datePublished\":\"2020-07-12T19:40:25+00:00\",\"dateModified\":\"2020-07-28T11:13:51+00:00\",\"breadcrumb\":{\"@id\":\"https:\/\/anelto.eu\/en\/toode\/komplekt-fx15-anelto-iseteenindus\/#breadcrumb\"},\"inLanguage\":\"en-US\",\"potentialAction\":[{\"@type\":\"ReadAction\",\"target\":[\"https:\/\/anelto.eu\/en\/toode\/komplekt-fx15-anelto-iseteenindus\/\"]}]},{\"@type\":\"ImageObject\",\"inLanguage\":\"en-US\",\"@id\":\"https:\/\/anelto.eu\/en\/toode\/komplekt-fx15-anelto-iseteenindus\/#primaryimage\",\"url\":\"https:\/\/anelto.eu\/wp-content\/uploads\/2020\/07\/KOMPLEKT-FX15-ANELTO-ISETEENINDUS.png\",\"contentUrl\":\"https:\/\/anelto.eu\/wp-content\/uploads\/2020\/07\/KOMPLEKT-FX15-ANELTO-ISETEENINDUS.png\",\"width\":661,\"height\":661},{\"@type\":\"BreadcrumbList\",\"@id\":\"https:\/\/anelto.eu\/en\/toode\/komplekt-fx15-anelto-iseteenindus\/#breadcrumb\",\"itemListElement\":[{\"@type\":\"ListItem\",\"position\":1,\"name\":\"Avaleht\",\"item\":\"https:\/\/anelto.eu\/\"},{\"@type\":\"ListItem\",\"position\":2,\"name\":\"Valdkonnad\",\"item\":\"https:\/\/anelto.eu\/valdkonnad\/\"},{\"@type\":\"ListItem\",\"position\":3,\"name\":\"KOMPLEKT &#8211; FX15 Anelto Iseteenindus\"}]},{\"@type\":\"WebSite\",\"@id\":\"https:\/\/anelto.eu\/#website\",\"url\":\"https:\/\/anelto.eu\/\",\"name\":\"Anelto - t\u00f6\u00f6ruumi efektiivsus\",\"description\":\"Ergonoomiline t\u00f6\u00f6keskkond ja kinnituslahendused!\",\"publisher\":{\"@id\":\"https:\/\/anelto.eu\/#organization\"},\"potentialAction\":[{\"@type\":\"SearchAction\",\"target\":{\"@type\":\"EntryPoint\",\"urlTemplate\":\"https:\/\/anelto.eu\/?s={search_term_string}\"},\"query-input\":{\"@type\":\"PropertyValueSpecification\",\"valueRequired\":true,\"valueName\":\"search_term_string\"}}],\"inLanguage\":\"en-US\"},{\"@type\":\"Organization\",\"@id\":\"https:\/\/anelto.eu\/#organization\",\"name\":\"Anelto\",\"url\":\"https:\/\/anelto.eu\/\",\"logo\":{\"@type\":\"ImageObject\",\"inLanguage\":\"en-US\",\"@id\":\"https:\/\/anelto.eu\/#\/schema\/logo\/image\/\",\"url\":\"https:\/\/anelto.eu\/wp-content\/uploads\/2020\/06\/Picture1.png\",\"contentUrl\":\"https:\/\/anelto.eu\/wp-content\/uploads\/2020\/06\/Picture1.png\",\"width\":615,\"height\":331,\"caption\":\"Anelto\"},\"image\":{\"@id\":\"https:\/\/anelto.eu\/#\/schema\/logo\/image\/\"}}]}<\/script>\n<!-- \/ Yoast SEO plugin. -->","yoast_head_json":{"title":"KOMPLEKT - FX15 Anelto Iseteenindus - Anelto - t\u00f6\u00f6ruumi efektiivsus","robots":{"index":"index","follow":"follow","max-snippet":"max-snippet:-1","max-image-preview":"max-image-preview:large","max-video-preview":"max-video-preview:-1"},"canonical":"https:\/\/anelto.eu\/en\/toode\/komplekt-fx15-anelto-iseteenindus\/","og_locale":"en_US","og_type":"article","og_title":"KOMPLEKT - FX15 Anelto Iseteenindus - Anelto - t\u00f6\u00f6ruumi efektiivsus","og_description":"Komplekt sobib ideaalselt iseteeninduskassasse klientide kiiremaks teenindamiseks. Ergonoomiline lahendus, mis on mugav nii kassiiri kui kliendi jaoks. Pikendatavad ja p\u00f6\u00f6rlevad seadmete kinnitused tagavad kiire makseportsessi.  FIX 17 Anelto Kassiir 3 sisaldab:   Kinnituspost 250 mm  Pipe side mount, main part  Arm end mount, main part  VESA 100 x 100 kinnitusplaat  K\u00fclgmine pikendatav kinnitus 1 - 2 tk  T\u0161ekiprinteri kinnitusplaat  Kaardimakseterminali kinnitusplaat  V\u00e4rvus tume hall, garantii 2 aastat","og_url":"https:\/\/anelto.eu\/en\/toode\/komplekt-fx15-anelto-iseteenindus\/","og_site_name":"Anelto - t\u00f6\u00f6ruumi efektiivsus","article_modified_time":"2020-07-28T11:13:51+00:00","og_image":[{"width":661,"height":661,"url":"https:\/\/anelto.eu\/wp-content\/uploads\/2020\/07\/KOMPLEKT-FX15-ANELTO-ISETEENINDUS.png","type":"image\/png"}],"twitter_card":"summary_large_image","schema":{"@context":"https:\/\/schema.org","@graph":[{"@type":"WebPage","@id":"https:\/\/anelto.eu\/en\/toode\/komplekt-fx15-anelto-iseteenindus\/","url":"https:\/\/anelto.eu\/en\/toode\/komplekt-fx15-anelto-iseteenindus\/","name":"KOMPLEKT - FX15 Anelto Iseteenindus - Anelto - t\u00f6\u00f6ruumi efektiivsus","isPartOf":{"@id":"https:\/\/anelto.eu\/#website"},"primaryImageOfPage":{"@id":"https:\/\/anelto.eu\/en\/toode\/komplekt-fx15-anelto-iseteenindus\/#primaryimage"},"image":{"@id":"https:\/\/anelto.eu\/en\/toode\/komplekt-fx15-anelto-iseteenindus\/#primaryimage"},"thumbnailUrl":"https:\/\/anelto.eu\/wp-content\/uploads\/2020\/07\/KOMPLEKT-FX15-ANELTO-ISETEENINDUS.png","datePublished":"2020-07-12T19:40:25+00:00","dateModified":"2020-07-28T11:13:51+00:00","breadcrumb":{"@id":"https:\/\/anelto.eu\/en\/toode\/komplekt-fx15-anelto-iseteenindus\/#breadcrumb"},"inLanguage":"en-US","potentialAction":[{"@type":"ReadAction","target":["https:\/\/anelto.eu\/en\/toode\/komplekt-fx15-anelto-iseteenindus\/"]}]},{"@type":"ImageObject","inLanguage":"en-US","@id":"https:\/\/anelto.eu\/en\/toode\/komplekt-fx15-anelto-iseteenindus\/#primaryimage","url":"https:\/\/anelto.eu\/wp-content\/uploads\/2020\/07\/KOMPLEKT-FX15-ANELTO-ISETEENINDUS.png","contentUrl":"https:\/\/anelto.eu\/wp-content\/uploads\/2020\/07\/KOMPLEKT-FX15-ANELTO-ISETEENINDUS.png","width":661,"height":661},{"@type":"BreadcrumbList","@id":"https:\/\/anelto.eu\/en\/toode\/komplekt-fx15-anelto-iseteenindus\/#breadcrumb","itemListElement":[{"@type":"ListItem","position":1,"name":"Avaleht","item":"https:\/\/anelto.eu\/"},{"@type":"ListItem","position":2,"name":"Valdkonnad","item":"https:\/\/anelto.eu\/valdkonnad\/"},{"@type":"ListItem","position":3,"name":"KOMPLEKT &#8211; FX15 Anelto Iseteenindus"}]},{"@type":"WebSite","@id":"https:\/\/anelto.eu\/#website","url":"https:\/\/anelto.eu\/","name":"Anelto - t\u00f6\u00f6ruumi efektiivsus","description":"Ergonoomiline t\u00f6\u00f6keskkond ja kinnituslahendused!","publisher":{"@id":"https:\/\/anelto.eu\/#organization"},"potentialAction":[{"@type":"SearchAction","target":{"@type":"EntryPoint","urlTemplate":"https:\/\/anelto.eu\/?s={search_term_string}"},"query-input":{"@type":"PropertyValueSpecification","valueRequired":true,"valueName":"search_term_string"}}],"inLanguage":"en-US"},{"@type":"Organization","@id":"https:\/\/anelto.eu\/#organization","name":"Anelto","url":"https:\/\/anelto.eu\/","logo":{"@type":"ImageObject","inLanguage":"en-US","@id":"https:\/\/anelto.eu\/#\/schema\/logo\/image\/","url":"https:\/\/anelto.eu\/wp-content\/uploads\/2020\/06\/Picture1.png","contentUrl":"https:\/\/anelto.eu\/wp-content\/uploads\/2020\/06\/Picture1.png","width":615,"height":331,"caption":"Anelto"},"image":{"@id":"https:\/\/anelto.eu\/#\/schema\/logo\/image\/"}}]}},"_links":{"self":[{"href":"https:\/\/anelto.eu\/en\/wp-json\/wp\/v2\/product\/2213","targetHints":{"allow":["GET"]}}],"collection":[{"href":"https:\/\/anelto.eu\/en\/wp-json\/wp\/v2\/product"}],"about":[{"href":"https:\/\/anelto.eu\/en\/wp-json\/wp\/v2\/types\/product"}],"replies":[{"embeddable":true,"href":"https:\/\/anelto.eu\/en\/wp-json\/wp\/v2\/comments?post=2213"}],"wp:featuredmedia":[{"embeddable":true,"href":"https:\/\/anelto.eu\/en\/wp-json\/wp\/v2\/media\/2142"}],"wp:attachment":[{"href":"https:\/\/anelto.eu\/en\/wp-json\/wp\/v2\/media?parent=2213"}],"wp:term":[{"taxonomy":"product_cat","embeddable":true,"href":"https:\/\/anelto.eu\/en\/wp-json\/wp\/v2\/product_cat?post=2213"},{"taxonomy":"product_tag","embeddable":true,"href":"https:\/\/anelto.eu\/en\/wp-json\/wp\/v2\/product_tag?post=2213"}],"curies":[{"name":"wp","href":"https:\/\/api.w.org\/{rel}","templated":true}]}}